{"id":15556,"date":"2021-10-26T17:21:57","date_gmt":"2021-10-26T17:21:57","guid":{"rendered":"https:\/\/eldarmetal.com\/?page_id=15556"},"modified":"2025-01-14T15:32:52","modified_gmt":"2025-01-14T15:32:52","slug":"non-steel-products","status":"publish","type":"page","link":"https:\/\/eldarmetal.com\/tr\/non-steel-products\/","title":{"rendered":"NON-STEEL PRODUCTS"},"content":{"rendered":"<div class=\"wpb-content-wrapper\"><p>[vc_row css_animation=&#8221;&#8221; row_type=&#8221;row&#8221; use_row_as_full_screen_section=&#8221;no&#8221; type=&#8221;full_width&#8221; angled_section=&#8221;no&#8221; text_align=&#8221;left&#8221; background_image_as_pattern=&#8221;without_pattern&#8221;][vc_column][vc_empty_space height=&#8221;50px&#8221;][\/vc_column][\/vc_row][vc_row css_animation=&#8221;&#8221; row_type=&#8221;row&#8221; use_row_as_full_screen_section=&#8221;no&#8221; type=&#8221;grid&#8221; angled_section=&#8221;no&#8221; text_align=&#8221;left&#8221; background_image_as_pattern=&#8221;without_pattern&#8221; z_index=&#8221;&#8221;][vc_column][vc_column_text css=&#8221;&#8221;]<strong><b>Eldar Metal\u2019de, m\u00fc\u015fterilerimizin ihtiya\u00e7lar\u0131n\u0131n ba\u015far\u0131m\u0131z\u0131n temeli oldu\u011funa inan\u0131yoruz.<\/b><\/strong>[\/vc_column_text][\/vc_column][\/vc_row][vc_row css_animation=&#8221;&#8221; row_type=&#8221;row&#8221; use_row_as_full_screen_section=&#8221;no&#8221; type=&#8221;full_width&#8221; angled_section=&#8221;no&#8221; text_align=&#8221;left&#8221; background_image_as_pattern=&#8221;without_pattern&#8221;][vc_column][vc_empty_space][\/vc_column][\/vc_row][vc_row css_animation=&#8221;&#8221; row_type=&#8221;row&#8221; use_row_as_full_screen_section=&#8221;no&#8221; type=&#8221;grid&#8221; angled_section=&#8221;no&#8221; text_align=&#8221;left&#8221; background_image_as_pattern=&#8221;without_pattern&#8221; z_index=&#8221;&#8221;][vc_column][vc_column_text css=&#8221;&#8221;]M\u00fckemmelli\u011fe olan sars\u0131lmaz ba\u011fl\u0131l\u0131\u011f\u0131m\u0131zla, m\u00fc\u015fteri beklentilerini kar\u015f\u0131laman\u0131n \u00f6tesine ge\u00e7iyor, onlar\u0131 a\u015fmay\u0131 hedefliyoruz. Ana uzmanl\u0131k alan\u0131m\u0131z \u00e7elik \u00fcr\u00fcnler olsa da, \u00e7elik d\u0131\u015f\u0131 malzemelerden olu\u015fan geni\u015f bir yelpazeyi sunmada da ayn\u0131 derecede ba\u015far\u0131l\u0131y\u0131z. Bu sayede, m\u00fc\u015fterilerimizin t\u00fcm ihtiya\u00e7lar\u0131n\u0131 tek bir \u00e7at\u0131 alt\u0131nda kar\u015f\u0131layabilecekleri kapsaml\u0131 \u00e7\u00f6z\u00fcmler sunuyoruz.<\/p>\n<p>&nbsp;<\/p>\n<p><strong><b>\u00c7elik D\u0131\u015f\u0131 \u00dcr\u00fcn Yelpazemiz<\/b><\/strong><\/p>\n<p>&nbsp;<\/p>\n<p><strong><b>End\u00fcstriyel Makineler<\/b><\/strong><\/p>\n<p>&nbsp;<\/p>\n<p>Modern end\u00fcstrinin taleplerine uygun, ileri teknolojiye sahip makina \u00e7\u00f6z\u00fcmleri sunuyoruz. \u00dcr\u00fcnlerimiz aras\u0131nda:<\/p>\n<p>&nbsp;<\/p>\n<ul>\n<li><strong><b>Boy Kesme Hatlar\u0131:<\/b><\/strong>\u00c7elik rulolar\u0131 istenen uzunluklarda levhalara d\u00f6n\u00fc\u015ft\u00fcrmek i\u00e7in hassas kesim ekipmanlar\u0131.<\/li>\n<li><strong><b>Dilme Hatlar\u0131:<\/b><\/strong>Geni\u015f \u00e7elik rulolar\u0131 daha dar \u015feritlere ay\u0131rmak i\u00e7in y\u00fcksek performansl\u0131 makineler.<\/li>\n<li><strong><b>ERW Boru \u00dcretim Hatlar\u0131:<\/b><\/strong>Y\u00fcksek kaliteli \u00e7elik borular\u0131n \u00fcretimi i\u00e7in elektrik diren\u00e7 kaynakl\u0131 ileri teknoloji boru \u00fcretim tesisleri.<\/li>\n<li><strong><b>Trapez ve Dalgal\u0131 Levha \u00dcretim Hatlar\u0131:<\/b><\/strong>Dayan\u0131kl\u0131 \u00e7at\u0131 ve kaplama levhalar\u0131n\u0131n \u00fcretimi i\u00e7in \u00f6zel makineler.<\/li>\n<\/ul>\n<p>&nbsp;<\/p>\n<p><strong><b>G\u0131da \u00dcr\u00fcnleri<\/b><\/strong><\/p>\n<p>&nbsp;<\/p>\n<p>Eldar Metal, \u00e7e\u015fitli mutfak ihtiya\u00e7lar\u0131n\u0131 kar\u015f\u0131lamak i\u00e7in y\u00fcksek kaliteli g\u0131da \u00fcr\u00fcnleri sunar:<\/p>\n<p>&nbsp;<\/p>\n<ul>\n<li><strong><b>Tah\u0131llar ve Temel G\u0131da Maddeleri:<\/b><\/strong>G\u00fcvenilir \u00fcreticilerden temin edilen y\u00fcksek kaliteli bu\u011fday, pirin\u00e7 ve un.<\/li>\n<li><strong><b>Yemeklik \u00dcr\u00fcnler:<\/b><\/strong>Her t\u00fcrl\u00fc mutfa\u011f\u0131 zenginle\u015ftirecek baharatlar ve yemeklik ya\u011flar.<\/li>\n<li><strong><b>Paketli G\u0131dalar:<\/b><\/strong>Makarnalar, \u00e7ikolatalar, \u015fekerlemeler, bisk\u00fcviler ve daha fazlas\u0131 gibi pratik ve lezzetli se\u00e7enekler.<\/li>\n<li><strong><b>\u0130\u00e7ecekler:<\/b><\/strong>Her \u00f6\u011f\u00fcne e\u015flik edecek taze ve lezzetli meyve sular\u0131.<\/li>\n<\/ul>\n<p>&nbsp;<\/p>\n<p><strong><b>\u0130n\u015faat Malzemeleri<\/b><\/strong><\/p>\n<p>&nbsp;<\/p>\n<p>Altyap\u0131 geli\u015ftirmeyi destekleyen geni\u015f bir in\u015faat malzemesi yelpazesi sunuyoruz:<\/p>\n<p>&nbsp;<\/p>\n<ul>\n<li><strong><b>Kontrplak:<\/b><\/strong>Yap\u0131sal ve dekoratif kullan\u0131m i\u00e7in \u00e7ok y\u00f6nl\u00fc ah\u015fap \u00fcr\u00fcnler.<\/li>\n<li><strong><b>Plastik Borular:<\/b><\/strong>Su, drenaj ve di\u011fer sistemler i\u00e7in dayan\u0131kl\u0131 boru \u00e7\u00f6z\u00fcmleri.<\/li>\n<li><strong><b>Seramik ve Fayanslar:<\/b><\/strong>Zemin, duvar ve dekoratif kaplamalar i\u00e7in y\u00fcksek kaliteli \u00fcr\u00fcnler.<\/li>\n<li><strong><b>Mermer:<\/b><\/strong>L\u00fcks projeler i\u00e7in zarif ve dayan\u0131kl\u0131 do\u011fal ta\u015f.<\/li>\n<li><strong><b>Yap\u0131sal Bile\u015fenler:<\/b><\/strong>G\u00fcvenilir tu\u011flalar ve di\u011fer temel malzemeler.<\/li>\n<li><strong><b>Ba\u011flay\u0131c\u0131lar:<\/b><\/strong>\u0130n\u015faat ihtiya\u00e7lar\u0131 i\u00e7in \u00fcst\u00fcn kaliteli \u00e7imento ve al\u00e7\u0131.<\/li>\n<\/ul>\n<p>&nbsp;<\/p>\n<p><strong><b>Ev E\u015fyalar\u0131<\/b><\/strong><\/p>\n<p>&nbsp;<\/p>\n<p>G\u00fcnl\u00fck ev ihtiya\u00e7lar\u0131na y\u00f6nelik \u00e7e\u015fitli \u00fcr\u00fcn yelpazemiz \u015funlar\u0131 i\u00e7erir:<\/p>\n<p>&nbsp;<\/p>\n<ul>\n<li>Ev veya ofis i\u00e7in \u015f\u0131k ve pratik hal\u0131lar.<\/li>\n<li>Hafif ama sa\u011flam plastik sandalyeler.<\/li>\n<li>Farkl\u0131 boyutlarda ve tasar\u0131mlarda dayan\u0131kl\u0131 \u00e7\u00f6p kutular\u0131.<\/li>\n<li>Seyahat ve depolama \u00e7\u00f6z\u00fcmleri i\u00e7in y\u00fcksek kaliteli bavullar.<\/li>\n<\/ul>\n<p>&nbsp;<\/p>\n<p><strong><b>Tekstil \u00dcr\u00fcnleri<\/b><\/strong><\/p>\n<p>&nbsp;<\/p>\n<p>Tekstil \u00fcr\u00fcnlerimiz \u015funlar\u0131 kapsar:<\/p>\n<p>&nbsp;<\/p>\n<ul>\n<li><strong><b>Giyim:<\/b><\/strong>Her mevsime uygun rahat ve \u015f\u0131k k\u0131yafetler.<\/li>\n<li><strong><b>Ev Tekstili:<\/b><\/strong>L\u00fcks yatak tak\u0131mlar\u0131, perdeler ve di\u011fer ev ihtiya\u00e7lar\u0131.<\/li>\n<\/ul>\n<p>&nbsp;<\/p>\n<p><strong><b>Aletler ve Aksesuarlar<\/b><\/strong><\/p>\n<p>&nbsp;<\/p>\n<p>Eldar Metal, end\u00fcstri, at\u00f6lye ve evler i\u00e7in g\u00fcvenilir el aletleri ve yedek par\u00e7alar sa\u011flar.<\/p>\n<p>&nbsp;<\/p>\n<p><strong><b>Cam \u00dcr\u00fcnleri<\/b><\/strong><\/p>\n<p>&nbsp;<\/p>\n<p>Dekoratiften fonksiyonel kullan\u0131ma kadar, cam \u00fcr\u00fcnlerimiz hem konut hem de ticari m\u00fc\u015fterilerin ihtiya\u00e7lar\u0131n\u0131 kar\u015f\u0131lar.<\/p>\n<p>&nbsp;<\/p>\n<p><strong><b>Katma De\u011ferli Hizmetler: Verimlilik ve Maliyet Tasarrufu<\/b><\/strong><\/p>\n<p>&nbsp;<\/p>\n<p>Eldar Metal olarak nakliye maliyetlerini y\u00f6netmenin zorluklar\u0131n\u0131 anl\u0131yoruz. Bu nedenle, \u00e7elik ve \u00e7elik d\u0131\u015f\u0131 malzemeler de dahil olmak \u00fczere birden fazla \u00fcr\u00fcn t\u00fcr\u00fcn\u00fc ayn\u0131 konteynerde birle\u015ftirme yetene\u011fi sunuyoruz. Bu yakla\u015f\u0131m, tedarik s\u00fcrecinizi kolayla\u015ft\u0131rmakla kalmaz, ayn\u0131 zamanda nakliye masraflar\u0131n\u0131z\u0131 \u00f6nemli \u00f6l\u00e7\u00fcde azalt\u0131r.<\/p>\n<p>&nbsp;<\/p>\n<p><strong><b>Sizin \u0130\u00e7in S\u00f6z\u00fcm\u00fcz<\/b><\/strong><\/p>\n<p>&nbsp;<\/p>\n<p>Sadece \u00fcr\u00fcn de\u011fil, ayn\u0131 zamanda ihtiya\u00e7lar\u0131n\u0131za \u00f6zel \u00e7\u00f6z\u00fcmler sunmakla gurur duyuyoruz. Kalite, g\u00fcvenilirlik ve m\u00fc\u015fteri memnuniyetine odaklanarak, k\u00fcresel ticarette g\u00fcvenilir bir i\u015f orta\u011f\u0131 olarak \u00f6ne \u00e7\u0131k\u0131yoruz.<\/p>\n<p>&nbsp;<\/p>\n<p>Tek bir \u00fcr\u00fcn veya karma\u015f\u0131k bir malzeme kombinasyonu gereksiniminiz olsun, ekibimiz zaman\u0131nda teslimat, \u00fcst\u00fcn kalite ve e\u015fsiz hizmet sa\u011flamak i\u00e7in \u00f6zveriyle \u00e7al\u0131\u015f\u0131r.<\/p>\n<p>&nbsp;<\/p>\n<p><strong><b>Eldar Metal, yaln\u0131zca bir tedarik\u00e7i de\u011fil; i\u015f hedeflerinize g\u00fcvenle ve kolayl\u0131kla ula\u015fman\u0131za yard\u0131mc\u0131 olmaya kendini adam\u0131\u015f ba\u015far\u0131 orta\u011f\u0131n\u0131zd\u0131r.<\/b><\/strong>[\/vc_column_text][\/vc_column][\/vc_row][vc_row css_animation=&#8221;&#8221; row_type=&#8221;row&#8221; use_row_as_full_screen_section=&#8221;no&#8221; type=&#8221;full_width&#8221; angled_section=&#8221;no&#8221; text_align=&#8221;left&#8221; background_image_as_pattern=&#8221;without_pattern&#8221;][vc_column][vc_empty_space][\/vc_column][\/vc_row][vc_row css_animation=&#8221;&#8221; row_type=&#8221;row&#8221; use_row_as_full_screen_section=&#8221;no&#8221; type=&#8221;full_width&#8221; angled_section=&#8221;no&#8221; text_align=&#8221;left&#8221; background_image_as_pattern=&#8221;without_pattern&#8221;][vc_column][vc_single_image image=&#8221;15692&#8243; img_size=&#8221;large&#8221; alignment=&#8221;center&#8221; style=&#8221;vc_box_shadow_3d&#8221; qode_css_animation=&#8221;&#8221;][\/vc_column][\/vc_row][vc_row css_animation=&#8221;&#8221; row_type=&#8221;row&#8221; use_row_as_full_screen_section=&#8221;no&#8221; type=&#8221;full_width&#8221; angled_section=&#8221;no&#8221; text_align=&#8221;left&#8221; background_image_as_pattern=&#8221;without_pattern&#8221;][vc_column][vc_empty_space height=&#8221;60px&#8221;][\/vc_column][\/vc_row]<\/p>\n<\/div>","protected":false},"excerpt":{"rendered":"<p>[vc_row css_animation=&#8221;&#8221; row_type=&#8221;row&#8221; use_row_as_full_screen_section=&#8221;no&#8221; type=&#8221;full_width&#8221; angled_section=&#8221;no&#8221; text_align=&#8221;left&#8221; background_image_as_pattern=&#8221;without_pattern&#8221;][vc_column][vc_empty_space height=&#8221;50px&#8221;][\/vc_column][\/vc_row][vc_row css_animation=&#8221;&#8221; row_type=&#8221;row&#8221; use_row_as_full_screen_section=&#8221;no&#8221; type=&#8221;grid&#8221; angled_section=&#8221;no&#8221; text_align=&#8221;left&#8221; background_image_as_pattern=&#8221;without_pattern&#8221; z_index=&#8221;&#8221;][vc_column][vc_column_text css=&#8221;&#8221;]Eldar Metal\u2019de, m\u00fc\u015fterilerimizin ihtiya\u00e7lar\u0131n\u0131n ba\u015far\u0131m\u0131z\u0131n temeli oldu\u011funa inan\u0131yoruz.[\/vc_column_text][\/vc_column][\/vc_row][vc_row css_animation=&#8221;&#8221; row_type=&#8221;row&#8221; use_row_as_full_screen_section=&#8221;no&#8221; type=&#8221;full_width&#8221; angled_section=&#8221;no&#8221; text_align=&#8221;left&#8221; background_image_as_pattern=&#8221;without_pattern&#8221;][vc_column][vc_empty_space][\/vc_column][\/vc_row][vc_row css_animation=&#8221;&#8221; row_type=&#8221;row&#8221; use_row_as_full_screen_section=&#8221;no&#8221; type=&#8221;grid&#8221; angled_section=&#8221;no&#8221; text_align=&#8221;left&#8221; background_image_as_pattern=&#8221;without_pattern&#8221; z_index=&#8221;&#8221;][vc_column][vc_column_text css=&#8221;&#8221;]M\u00fckemmelli\u011fe olan sars\u0131lmaz ba\u011fl\u0131l\u0131\u011f\u0131m\u0131zla, m\u00fc\u015fteri&#8230;<\/p>\n","protected":false},"author":1,"featured_media":0,"parent":0,"menu_order":0,"comment_status":"closed","ping_status":"closed","template":"full_width.php","meta":{"_joinchat":[],"footnotes":""},"class_list":["post-15556","page","type-page","status-publish","hentry"],"translation":{"provider":"WPGlobus","version":"2.12.2","language":"tr","enabled_languages":["en","es","de","fr","ru","tr"],"languages":{"en":{"title":true,"content":true,"excerpt":false},"es":{"title":false,"content":true,"excerpt":false},"de":{"title":false,"content":true,"excerpt":false},"fr":{"title":false,"content":true,"excerpt":false},"ru":{"title":false,"content":true,"excerpt":false},"tr":{"title":false,"content":true,"excerpt":false}}},"_links":{"self":[{"href":"https:\/\/eldarmetal.com\/tr\/wp-json\/wp\/v2\/pages\/15556","targetHints":{"allow":["GET"]}}],"collection":[{"href":"https:\/\/eldarmetal.com\/tr\/wp-json\/wp\/v2\/pages"}],"about":[{"href":"https:\/\/eldarmetal.com\/tr\/wp-json\/wp\/v2\/types\/page"}],"author":[{"embeddable":true,"href":"https:\/\/eldarmetal.com\/tr\/wp-json\/wp\/v2\/users\/1"}],"replies":[{"embeddable":true,"href":"https:\/\/eldarmetal.com\/tr\/wp-json\/wp\/v2\/comments?post=15556"}],"version-history":[{"count":38,"href":"https:\/\/eldarmetal.com\/tr\/wp-json\/wp\/v2\/pages\/15556\/revisions"}],"predecessor-version":[{"id":15986,"href":"https:\/\/eldarmetal.com\/tr\/wp-json\/wp\/v2\/pages\/15556\/revisions\/15986"}],"wp:attachment":[{"href":"https:\/\/eldarmetal.com\/tr\/wp-json\/wp\/v2\/media?parent=15556"}],"curies":[{"name":"wp","href":"https:\/\/api.w.org\/{rel}","templated":true}]}}