{"id":15550,"date":"2021-10-26T17:09:02","date_gmt":"2021-10-26T17:09:02","guid":{"rendered":"https:\/\/eldarmetal.com\/?page_id=15550"},"modified":"2024-02-01T20:43:25","modified_gmt":"2024-02-01T20:43:25","slug":"semi-finished-steel","status":"publish","type":"page","link":"https:\/\/eldarmetal.com\/tr\/semi-finished-steel\/","title":{"rendered":"Semi Finished Steel"},"content":{"rendered":"<div class=\"wpb-content-wrapper\"><p>[vc_row row_type=&#8221;parallax&#8221; parallax_content_width=&#8221;in_grid&#8221; text_align=&#8221;left&#8221; background_image=&#8221;15684&#8243; full_screen_section_height=&#8221;no&#8221; section_height=&#8221;301&#8243;][vc_column width=&#8221;2\/3&#8243;][vc_empty_space height=&#8221;90px&#8221;][vc_column_text]<\/p>\n<h2 style=\"color: #ffffff;\">SEMI FINISHED STEEL PRODUCTS<\/h2>\n<p>[\/vc_column_text][\/vc_column][vc_column width=&#8221;1\/3&#8243;][\/vc_column][\/vc_row][vc_row css_animation=&#8221;&#8221; row_type=&#8221;row&#8221; use_row_as_full_screen_section=&#8221;no&#8221; type=&#8221;full_width&#8221; angled_section=&#8221;no&#8221; text_align=&#8221;left&#8221; background_image_as_pattern=&#8221;without_pattern&#8221;][vc_column][vc_empty_space height=&#8221;50px&#8221;][\/vc_column][\/vc_row][vc_row css_animation=&#8221;element_from_left&#8221; row_type=&#8221;row&#8221; use_row_as_full_screen_section=&#8221;no&#8221; type=&#8221;grid&#8221; header_style=&#8221;light&#8221; angled_section=&#8221;no&#8221; text_align=&#8221;left&#8221; background_image_as_pattern=&#8221;without_pattern&#8221; padding_top=&#8221;20&#8243; padding_bottom=&#8221;20&#8243; z_index=&#8221;&#8221;][vc_column width=&#8221;1\/2&#8243;][vc_single_image image=&#8221;15600&#8243; img_size=&#8221;full&#8221; alignment=&#8221;center&#8221; style=&#8221;vc_box_shadow_3d&#8221; qode_css_animation=&#8221;&#8221;][\/vc_column][vc_column width=&#8221;1\/2&#8243;][vc_column_text]<\/p>\n<h2>\u00c7elik K\u00fct\u00fckler<\/h2>\n<p>[\/vc_column_text][vc_empty_space][vc_column_text]<strong>Standart :<\/strong><br \/>\nASTM, BS, DIB, AISI, GOST, JIS, ISO, SAE, SI, TS, UNI, EURONORM, AFNOR (NF)<\/p>\n<p>&nbsp;<\/p>\n<p><strong>Kalite :<\/strong><br \/>\nASTM A615 GR40-60, BST 420S, BS 4449 (GR250-460), DIN 488, JIS G3112 (SD 30-35-40), SI 739 S400-S400W, FEB 44K, 3SP\/PS-5SP\/PS GOST 380 88 , 35GS-25 G2S, GOST 5781-82, ST37-2 DIN17199, NFA 35015-16<\/p>\n<p>&nbsp;<\/p>\n<p><strong>Boyut :<\/strong><br \/>\nKare K\u00fct\u00fckler; 100x100mm&#8217;den 200x200mm&#8217;ye<br \/>\nYuvarlak K\u00fct\u00fckler; 120 mm&#8217;den 270 mm&#8217;ye<br \/>\n<strong>Uzunluk:<\/strong> 12 metreye kadar mevcuttur[\/vc_column_text][\/vc_column][\/vc_row][vc_row css_animation=&#8221;element_from_right&#8221; row_type=&#8221;row&#8221; use_row_as_full_screen_section=&#8221;no&#8221; type=&#8221;grid&#8221; angled_section=&#8221;no&#8221; text_align=&#8221;left&#8221; background_image_as_pattern=&#8221;without_pattern&#8221; background_color=&#8221;#f9f9f9&#8243; padding_top=&#8221;20&#8243; padding_bottom=&#8221;20&#8243; z_index=&#8221;&#8221;][vc_column width=&#8221;1\/2&#8243;][vc_column_text]<\/p>\n<h2>\u00c7elik Plakalar<\/h2>\n<p>[\/vc_column_text][vc_empty_space][vc_column_text]<strong>Standart :<\/strong> ASTM, BS, DIB, AISI, GOST, JIS, ISO, SAE, SI, TS, UNI, EURONORM, AFNOR (NF)<\/p>\n<p>&nbsp;<\/p>\n<p><strong>Kalite :<\/strong> DIN 1616 GR B, DIN 1623 ST 12, DIN 1623 UST 12 VE E\u015eDE\u011eERLER\u0130<\/p>\n<p>&nbsp;<\/p>\n<p><strong>Boyut :<\/strong><\/p>\n<p><strong>Kal\u0131nl\u0131k:<\/strong> A\u011f\u0131rl\u0131kl\u0131 olarak 185 &#8211; 200 mm aras\u0131<\/p>\n<p><strong>Geni\u015flik:<\/strong> Esas olarak 840 &#8211; 1235 mm aras\u0131<\/p>\n<p><strong>Uzunluk:<\/strong> 12 metreye kadar mevcuttur[\/vc_column_text][\/vc_column][vc_column width=&#8221;1\/2&#8243;][vc_single_image image=&#8221;15601&#8243; img_size=&#8221;full&#8221; alignment=&#8221;center&#8221; style=&#8221;vc_box_shadow_3d&#8221; qode_css_animation=&#8221;&#8221;][\/vc_column][\/vc_row][vc_row css_animation=&#8221;element_from_left&#8221; row_type=&#8221;row&#8221; use_row_as_full_screen_section=&#8221;no&#8221; type=&#8221;grid&#8221; angled_section=&#8221;no&#8221; text_align=&#8221;left&#8221; background_image_as_pattern=&#8221;without_pattern&#8221; padding_top=&#8221;20&#8243; padding_bottom=&#8221;20&#8243; z_index=&#8221;&#8221;][vc_column width=&#8221;1\/2&#8243;][vc_single_image image=&#8221;15602&#8243; img_size=&#8221;full&#8221; alignment=&#8221;center&#8221; style=&#8221;vc_box_shadow_3d&#8221; qode_css_animation=&#8221;&#8221;][\/vc_column][vc_column width=&#8221;1\/2&#8243;][vc_column_text]<\/p>\n<h2>\u00c7elik \u00c7i\u00e7ekleri<\/h2>\n<p>[\/vc_column_text][vc_empty_space][vc_column_text]<strong>Standart :<\/strong><br \/>\nASTM, BS, DIB, AISI, GOST, JIS, ISO, SAE, SI, TS, UNI, EURONORM, AFNOR (NF)<\/p>\n<p>&nbsp;<\/p>\n<p><strong>Kalite :<\/strong> ASTM A615 GR40-60, BST 420S, BS 4449 (GR250-460), DIN 488, JIS G3112 (SD 30-35-40), SI 739 S400-S400W, FEB 44K, 3SP\/PS-5SP\/PS GOST 380 88, 35GS-25 G2S, GOST 5781-82, ST37-2 DIN17199, NFA 35015-16<\/p>\n<p>&nbsp;<\/p>\n<p><strong>Ebat :<\/strong> Ba\u015fl\u0131ca 200x200mm, 260x260mm, 260x340mm, 265x335mm ebatlar\u0131nda<\/p>\n<p><strong>Uzunluk:<\/strong> 12 metreye kadar mevcuttur[\/vc_column_text][\/vc_column][\/vc_row][vc_row css_animation=&#8221;&#8221; row_type=&#8221;row&#8221; use_row_as_full_screen_section=&#8221;no&#8221; type=&#8221;full_width&#8221; angled_section=&#8221;no&#8221; text_align=&#8221;left&#8221; background_image_as_pattern=&#8221;without_pattern&#8221;][vc_column][vc_empty_space height=&#8221;60px&#8221;][\/vc_column][\/vc_row]<\/p>\n<\/div>","protected":false},"excerpt":{"rendered":"<p>[vc_row row_type=&#8221;parallax&#8221; parallax_content_width=&#8221;in_grid&#8221; text_align=&#8221;left&#8221; background_image=&#8221;15684&#8243; full_screen_section_height=&#8221;no&#8221; section_height=&#8221;301&#8243;][vc_column width=&#8221;2\/3&#8243;][vc_empty_space height=&#8221;90px&#8221;][vc_column_text] SEMI FINISHED STEEL PRODUCTS [\/vc_column_text][\/vc_column][vc_column width=&#8221;1\/3&#8243;][\/vc_column][\/vc_row][vc_row css_animation=&#8221;&#8221; row_type=&#8221;row&#8221; use_row_as_full_screen_section=&#8221;no&#8221; type=&#8221;full_width&#8221; angled_section=&#8221;no&#8221; text_align=&#8221;left&#8221; background_image_as_pattern=&#8221;without_pattern&#8221;][vc_column][vc_empty_space height=&#8221;50px&#8221;][\/vc_column][\/vc_row][vc_row css_animation=&#8221;element_from_left&#8221; row_type=&#8221;row&#8221; use_row_as_full_screen_section=&#8221;no&#8221; type=&#8221;grid&#8221; header_style=&#8221;light&#8221; angled_section=&#8221;no&#8221; text_align=&#8221;left&#8221; background_image_as_pattern=&#8221;without_pattern&#8221; padding_top=&#8221;20&#8243; padding_bottom=&#8221;20&#8243; z_index=&#8221;&#8221;][vc_column width=&#8221;1\/2&#8243;][vc_single_image image=&#8221;15600&#8243; img_size=&#8221;full&#8221; alignment=&#8221;center&#8221; style=&#8221;vc_box_shadow_3d&#8221; qode_css_animation=&#8221;&#8221;][\/vc_column][vc_column width=&#8221;1\/2&#8243;][vc_column_text] \u00c7elik K\u00fct\u00fckler [\/vc_column_text][vc_empty_space][vc_column_text]Standart :&#8230;<\/p>\n","protected":false},"author":1,"featured_media":0,"parent":0,"menu_order":0,"comment_status":"closed","ping_status":"closed","template":"full_width.php","meta":{"_joinchat":[],"footnotes":""},"class_list":["post-15550","page","type-page","status-publish","hentry"],"translation":{"provider":"WPGlobus","version":"2.12.2","language":"tr","enabled_languages":["en","es","de","fr","ru","tr"],"languages":{"en":{"title":true,"content":true,"excerpt":false},"es":{"title":false,"content":true,"excerpt":false},"de":{"title":false,"content":true,"excerpt":false},"fr":{"title":false,"content":true,"excerpt":false},"ru":{"title":false,"content":true,"excerpt":false},"tr":{"title":false,"content":true,"excerpt":false}}},"_links":{"self":[{"href":"https:\/\/eldarmetal.com\/tr\/wp-json\/wp\/v2\/pages\/15550","targetHints":{"allow":["GET"]}}],"collection":[{"href":"https:\/\/eldarmetal.com\/tr\/wp-json\/wp\/v2\/pages"}],"about":[{"href":"https:\/\/eldarmetal.com\/tr\/wp-json\/wp\/v2\/types\/page"}],"author":[{"embeddable":true,"href":"https:\/\/eldarmetal.com\/tr\/wp-json\/wp\/v2\/users\/1"}],"replies":[{"embeddable":true,"href":"https:\/\/eldarmetal.com\/tr\/wp-json\/wp\/v2\/comments?post=15550"}],"version-history":[{"count":10,"href":"https:\/\/eldarmetal.com\/tr\/wp-json\/wp\/v2\/pages\/15550\/revisions"}],"predecessor-version":[{"id":15861,"href":"https:\/\/eldarmetal.com\/tr\/wp-json\/wp\/v2\/pages\/15550\/revisions\/15861"}],"wp:attachment":[{"href":"https:\/\/eldarmetal.com\/tr\/wp-json\/wp\/v2\/media?parent=15550"}],"curies":[{"name":"wp","href":"https:\/\/api.w.org\/{rel}","templated":true}]}}