{"id":15336,"date":"2015-04-30T10:35:21","date_gmt":"2015-04-30T10:35:21","guid":{"rendered":"http:\/\/demo.qodeinteractive.com\/bridge81\/?page_id=15336"},"modified":"2025-01-14T10:09:21","modified_gmt":"2025-01-14T10:09:21","slug":"aboutus","status":"publish","type":"page","link":"https:\/\/eldarmetal.com\/tr\/aboutus\/","title":{"rendered":"About Us"},"content":{"rendered":"<div class=\"wpb-content-wrapper\"><p>[vc_row css_animation=&#8221;&#8221; row_type=&#8221;row&#8221; use_row_as_full_screen_section=&#8221;no&#8221; type=&#8221;grid&#8221; angled_section=&#8221;no&#8221; text_align=&#8221;left&#8221; background_image_as_pattern=&#8221;without_pattern&#8221; padding_top=&#8221;88&#8243; padding_bottom=&#8221;75&#8243;][vc_column][vc_column_text css=&#8221;&#8221;]<strong><b>Eldar Metal <\/b><\/strong>olarak, y\u00fcksek kaliteli demir ve \u00e7elik \u00fcr\u00fcnlerinin ihracat\u0131 ve k\u00fcresel ticareti konusunda uzmanla\u015fm\u0131\u015f bir firmay\u0131z. T\u00fcrkiye\u2019nin \u0130stanbul \u015fehrinde faaliyet g\u00f6steren firmam\u0131z, d\u00fcnya \u00e7ap\u0131nda i\u015fletmelere destek sa\u011flamak i\u00e7in 20 y\u0131l\u0131 a\u015fk\u0131n sekt\u00f6r tecr\u00fcbesini beraberinde getiriyor.<\/p>\n<p>&nbsp;<\/p>\n<p><strong><b>\u00dcr\u00fcn yelpazemiz<\/b><\/strong>, k\u00fct\u00fck ve slab gibi hammaddelerden, g\u00fcvenilir \u00fcreticilerden temin edilen nihai \u00e7elik \u00fcr\u00fcnlerine kadar uzanmaktad\u0131r. \u00d6zel \u00e7\u00f6z\u00fcmlere veya standart \u00fcr\u00fcnlere ihtiya\u00e7 duysan\u0131z da, <strong><b>Eldar Metal<\/b><\/strong>\u00a0kalite, g\u00fcvenilirlik ve rekabet\u00e7i fiyatlar sunar.<\/p>\n<p>&nbsp;<\/p>\n<p><strong><b>Demir ve \u00c7elik \u0130hracat\u0131nda Uzmanl\u0131k<\/b><\/strong><\/p>\n<p>&nbsp;<\/p>\n<p><strong><b>Eldar Metal<\/b><\/strong>, hammadde olarak k\u00fct\u00fck ve slabdan, in\u015faat demiri, filma\u015fin, \u00e7elik rulolar ve saclar, profiller ve borular gibi bitmi\u015f \u00fcr\u00fcnlere kadar geni\u015f bir \u00e7elik \u00fcr\u00fcn yelpazesinin ihracat\u0131nda m\u00fckemmeliyet sa\u011flar. \u00dcr\u00fcn portf\u00f6y\u00fcm\u00fcz, <strong><b>ASTM, BS, GOST, JIS, DIN ve DSTU<\/b><\/strong>\u00a0gibi uluslararas\u0131 standartlara uygun 250\u2019den fazla \u00e7elik \u00fcr\u00fcn \u00e7e\u015fidini kapsamaktad\u0131r.<\/p>\n<p>&nbsp;<\/p>\n<p><strong><b>Gururla sa\u011flad\u0131\u011f\u0131m\u0131z hizmetler:<\/b><\/strong><\/p>\n<ul>\n<li>\u0130hracat pazarlar\u0131na \u00f6zel \u00e7\u00f6z\u00fcmler<\/li>\n<li>Avrupa normlar\u0131na uygun y\u00fcksek kaliteli sertifikal\u0131 \u00fcr\u00fcnler<\/li>\n<li>Esnek \u00f6deme ko\u015fullar\u0131 ve rekabet\u00e7i fiyatlar<\/li>\n<\/ul>\n<p>&nbsp;<\/p>\n<p>G\u00fc\u00e7l\u00fc tedarik zincirimiz ve 1.500-2.000 metrik tonluk haz\u0131r stok kapasitemiz sayesinde, m\u00fc\u015fterilerimize acil ihtiya\u00e7lar\u0131nda dahi zaman\u0131nda teslimat sa\u011fl\u0131yoruz.[\/vc_column_text][\/vc_column][\/vc_row][vc_row css_animation=&#8221;&#8221; row_type=&#8221;row&#8221; use_row_as_full_screen_section=&#8221;no&#8221; type=&#8221;grid&#8221; angled_section=&#8221;no&#8221; text_align=&#8221;left&#8221; background_image=&#8221;15261&#8243; background_image_as_pattern=&#8221;without_pattern&#8221; padding_top=&#8221;88&#8243; padding_bottom=&#8221;75&#8243;][vc_column width=&#8221;1\/2&#8243;][vc_separator type=&#8221;transparent&#8221; up=&#8221;0&#8243; down=&#8221;0&#8243;][vc_column_text css=&#8221;&#8221;]<strong><b>Geli\u015fmi\u015f \u0130\u015fleme Hizmetleri<\/b><\/strong><\/p>\n<p>&nbsp;<\/p>\n<p>Uzmanl\u0131\u011f\u0131m\u0131z yaln\u0131zca \u00fcr\u00fcn tedari\u011fiyle s\u0131n\u0131rl\u0131 de\u011fildir. Stratejik konumlarda bulunan distrib\u00fct\u00f6rlerimiz arac\u0131l\u0131\u011f\u0131yla, <strong><b>Eldar Metal<\/b><\/strong>, ihracat m\u00fc\u015fterilerinin \u00f6zel ihtiya\u00e7lar\u0131n\u0131 kar\u015f\u0131lamak i\u00e7in geli\u015fmi\u015f i\u015fleme hizmetleri sunar. Bu hizmetler \u015funlar\u0131 i\u00e7erir:[\/vc_column_text][vc_separator type=&#8221;small&#8221; position=&#8221;left&#8221; up=&#8221;26&#8243; down=&#8221;26&#8243;][vc_column_text css=&#8221;&#8221;]<strong>\u2666\u00a0Dilme ve istenilen uzunlukta boy kesim hizmetleri<\/strong><\/p>\n<p><strong>\u2666\u00a0Kenar d\u00fczeltme ve \u00e7oklu levha kesimi<\/strong><\/p>\n<p><strong>\u2666\u00a0Metal \u015fekillendirme (trapez, oluklu, s\u0131rt, kabartma)<\/strong><\/p>\n<p><strong>\u2666\u00a0Polisaj, f\u0131r\u00e7alama ve kumlama<\/strong><\/p>\n<p><strong>\u2666\u00a0Yap\u0131sal kiri\u015f ay\u0131rma ve uzun \u00fcr\u00fcn kesimi<\/strong><\/p>\n<p>&nbsp;<\/p>\n<p>Bu katma de\u011ferli hizmetler, m\u00fc\u015fterilerimizin ihtiya\u00e7lar\u0131na tam uyum sa\u011flayan \u00fcr\u00fcnler sunmam\u0131za olanak tan\u0131r ve rekabet\u00e7i pazarlardaki ba\u015far\u0131lar\u0131n\u0131 destekler.<\/p>\n<p>[\/vc_column_text][\/vc_column][vc_column width=&#8221;1\/2&#8243;][vc_single_image image=&#8221;15670&#8243; img_size=&#8221;full&#8221; alignment=&#8221;center&#8221; qode_css_animation=&#8221;element_from_fade&#8221; transition_delay=&#8221;0.4&#8243;][\/vc_column][\/vc_row][vc_row css_animation=&#8221;&#8221; row_type=&#8221;row&#8221; use_row_as_full_screen_section=&#8221;no&#8221; type=&#8221;grid&#8221; angled_section=&#8221;no&#8221; text_align=&#8221;left&#8221; background_image_as_pattern=&#8221;without_pattern&#8221; padding_top=&#8221;88&#8243; padding_bottom=&#8221;75&#8243;][vc_column width=&#8221;1\/2&#8243;][vc_single_image image=&#8221;15589&#8243; img_size=&#8221;full&#8221; alignment=&#8221;right&#8221; style=&#8221;vc_box_shadow_3d&#8221; qode_css_animation=&#8221;element_from_fade&#8221; transition_delay=&#8221;0.2&#8243;][\/vc_column][vc_column width=&#8221;1\/2&#8243;][vc_column_text css=&#8221;&#8221;]<strong><b>K\u00fcresel Ula\u015f\u0131m ve M\u00fc\u015fteri Odakl\u0131 Yakla\u015f\u0131m<\/b><\/strong><\/p>\n<p>&nbsp;<\/p>\n<p>Misyonumuz, demir ve \u00e7elik end\u00fcstrisinde lider bir ihracat\u00e7\u0131 olmak ve uluslararas\u0131 m\u00fc\u015fterilerle uzun vadeli ortakl\u0131klar kurmakt\u0131r. Odakland\u0131\u011f\u0131m\u0131z noktalar:<\/p>\n<p>&nbsp;<\/p>\n<ul>\n<li>\u0130hracat standartlar\u0131na uygun y\u00fcksek kaliteli \u00fcr\u00fcnler<\/li>\n<li>D\u00fcnya \u00e7ap\u0131nda herhangi bir noktaya zaman\u0131nda teslimat<\/li>\n<li>Kapsaml\u0131 sat\u0131\u015f sonras\u0131 ve teknik destek<\/li>\n<\/ul>\n<p>&nbsp;<\/p>\n<p><strong><b>Eldar Metal<\/b><\/strong>, ihracat pazarlar\u0131n\u0131n \u00f6zel ihtiya\u00e7lar\u0131n\u0131 tamamen anlayarak ve tekliflerini yerel ve b\u00f6lgesel gereksinimlere uygun hale getirerek fark yarat\u0131r.<\/p>\n<p>&nbsp;<\/p>\n<p><strong><b>Vizyonumuz<\/b><\/strong><\/p>\n<p>&nbsp;<\/p>\n<p>Kalite ve yenili\u011fin ba\u015far\u0131n\u0131n temeli oldu\u011funa inan\u0131yoruz. Bu ilke, \u015fu taahh\u00fctlerimizi y\u00f6nlendiriyor:<\/p>\n<p>&nbsp;<\/p>\n<ul>\n<li>Sertifikal\u0131 \u00fcretimle en iyi kalite \u00fcr\u00fcnler sa\u011flama<\/li>\n<li>Paran\u0131z\u0131n kar\u015f\u0131l\u0131\u011f\u0131n\u0131 en iyi \u015fekilde alman\u0131z\u0131 sa\u011flamak i\u00e7in rekabet\u00e7i fiyatlar sunma<\/li>\n<li>Tedarik zinciri verimlili\u011fini korumak i\u00e7in zaman\u0131nda teslimatlar<\/li>\n<\/ul>\n<p>&nbsp;<\/p>\n<p>Uluslararas\u0131 ticarette kan\u0131tlanm\u0131\u015f bir ge\u00e7mi\u015fe sahip olan <strong><b>Eldar Metal<\/b><\/strong>, demir ve \u00e7elik end\u00fcstrisinde uzman \u00e7\u00f6z\u00fcmler arayan i\u015fletmeler i\u00e7in g\u00fcvenilir bir ortakt\u0131r. K\u00fcresel pazarda daha g\u00fc\u00e7l\u00fc ba\u011flant\u0131lar kurman\u0131za ve daha b\u00fcy\u00fck ba\u015far\u0131lar elde etmenize yard\u0131mc\u0131 olal\u0131m.[\/vc_column_text][\/vc_column][\/vc_row][vc_row css_animation=&#8221;&#8221; row_type=&#8221;row&#8221; use_row_as_full_screen_section=&#8221;no&#8221; type=&#8221;full_width&#8221; angled_section=&#8221;no&#8221; text_align=&#8221;left&#8221; background_image_as_pattern=&#8221;without_pattern&#8221;][\/vc_row][vc_column][\/vc_column][vc_column_text css=&#8221;&#8221;][\/vc_column_text]<\/p>\n<\/div>","protected":false},"excerpt":{"rendered":"<p>[vc_row css_animation=&#8221;&#8221; row_type=&#8221;row&#8221; use_row_as_full_screen_section=&#8221;no&#8221; type=&#8221;grid&#8221; angled_section=&#8221;no&#8221; text_align=&#8221;left&#8221; background_image_as_pattern=&#8221;without_pattern&#8221; padding_top=&#8221;88&#8243; padding_bottom=&#8221;75&#8243;][vc_column][vc_column_text css=&#8221;&#8221;]Eldar Metal olarak, y\u00fcksek kaliteli demir ve \u00e7elik \u00fcr\u00fcnlerinin ihracat\u0131 ve k\u00fcresel ticareti konusunda uzmanla\u015fm\u0131\u015f bir firmay\u0131z. T\u00fcrkiye\u2019nin \u0130stanbul \u015fehrinde faaliyet g\u00f6steren firmam\u0131z, d\u00fcnya \u00e7ap\u0131nda i\u015fletmelere destek sa\u011flamak i\u00e7in 20 y\u0131l\u0131 a\u015fk\u0131n sekt\u00f6r tecr\u00fcbesini beraberinde&#8230;<\/p>\n","protected":false},"author":1,"featured_media":0,"parent":0,"menu_order":0,"comment_status":"closed","ping_status":"closed","template":"full_width.php","meta":{"_joinchat":[],"footnotes":""},"class_list":["post-15336","page","type-page","status-publish","hentry"],"translation":{"provider":"WPGlobus","version":"2.12.2","language":"tr","enabled_languages":["en","es","de","fr","ru","tr"],"languages":{"en":{"title":true,"content":true,"excerpt":false},"es":{"title":false,"content":true,"excerpt":false},"de":{"title":false,"content":true,"excerpt":false},"fr":{"title":false,"content":true,"excerpt":false},"ru":{"title":false,"content":true,"excerpt":false},"tr":{"title":false,"content":true,"excerpt":false}}},"_links":{"self":[{"href":"https:\/\/eldarmetal.com\/tr\/wp-json\/wp\/v2\/pages\/15336","targetHints":{"allow":["GET"]}}],"collection":[{"href":"https:\/\/eldarmetal.com\/tr\/wp-json\/wp\/v2\/pages"}],"about":[{"href":"https:\/\/eldarmetal.com\/tr\/wp-json\/wp\/v2\/types\/page"}],"author":[{"embeddable":true,"href":"https:\/\/eldarmetal.com\/tr\/wp-json\/wp\/v2\/users\/1"}],"replies":[{"embeddable":true,"href":"https:\/\/eldarmetal.com\/tr\/wp-json\/wp\/v2\/comments?post=15336"}],"version-history":[{"count":65,"href":"https:\/\/eldarmetal.com\/tr\/wp-json\/wp\/v2\/pages\/15336\/revisions"}],"predecessor-version":[{"id":15972,"href":"https:\/\/eldarmetal.com\/tr\/wp-json\/wp\/v2\/pages\/15336\/revisions\/15972"}],"wp:attachment":[{"href":"https:\/\/eldarmetal.com\/tr\/wp-json\/wp\/v2\/media?parent=15336"}],"curies":[{"name":"wp","href":"https:\/\/api.w.org\/{rel}","templated":true}]}}