{"id":15368,"date":"2015-04-30T11:03:41","date_gmt":"2015-04-30T11:03:41","guid":{"rendered":"http:\/\/demo.qodeinteractive.com\/bridge81\/?page_id=15368"},"modified":"2025-01-09T16:08:08","modified_gmt":"2025-01-09T16:08:08","slug":"contact","status":"publish","type":"page","link":"https:\/\/eldarmetal.com\/ru\/contact\/","title":{"rendered":"Contact"},"content":{"rendered":"<div class=\"wpb-content-wrapper\"><p>[vc_row css_animation=&#187;&#187; row_type=&#187;row&#187; use_row_as_full_screen_section=&#187;no&#187; type=&#187;full_width&#187; angled_section=&#187;no&#187; text_align=&#187;left&#187; background_image_as_pattern=&#187;without_pattern&#187; z_index=&#187;&#187;][vc_column][vc_empty_space][vc_column_text]<\/p>\n<h2 style=\"text-align: center;\">\u0413\u043b\u0430\u0432\u043d\u043e\u0435 \u0443\u043f\u0440\u0430\u0432\u043b\u0435\u043d\u0438\u0435<\/h2>\n<p>[\/vc_column_text][vc_separator type=&#187;small&#187; position=&#187;center&#187; color=&#187;#1b75bc&#187;][vc_empty_space][\/vc_column][\/vc_row][vc_row css_animation=&#187;&#187; row_type=&#187;row&#187; use_row_as_full_screen_section=&#187;no&#187; type=&#187;grid&#187; angled_section=&#187;no&#187; text_align=&#187;left&#187; background_image_as_pattern=&#187;without_pattern&#187; z_index=&#187;&#187;][vc_column][vc_gmaps link=&#187;#E-8_JTNDaWZyYW1lJTIwc3JjJTNEJTIyaHR0cHMlM0ElMkYlMkZ3d3cuZ29vZ2xlLmNvbSUyRm1hcHMlMkZlbWJlZCUzRnBiJTNEJTIxMW0xNCUyMTFtOCUyMTFtMyUyMTFkMTUwNi4wNzE4NzQxMjY3MzQ3JTIxMmQyOS4wNDM1NTE5MzY3NzA2MzMlMjEzZDQwLjk3ODMzMzA1NTAwMTQ2JTIxM20yJTIxMWkxMDI0JTIxMmk3NjglMjE0ZjEzLjElMjEzbTMlMjExbTIlMjExczB4MTRjYWI4N2ZhZTFiNzQ1MSUyNTNBMHhiYTMyZjEzOWIxZmM5ZDE4JTIxMnpSbVZ1WlhKaVlXakRwMlVzSUVKbFpISnBJRkpoYUcxcElFVjV3N3hpYjhTZmJIVWdVMnN1SURFd0xURXNJRE0wTnpJMklFdGhaTVN4YThPMmVTX0VzSE4wWVc1aWRXdyUyMTVlMCUyMTNtMiUyMTFzdHIlMjEyc3RyJTIxNHYxNjM4Mjg1OTUyMTMwJTIxNW0yJTIxMXN0ciUyMTJzdHIlMjIlMjB3aWR0aCUzRCUyMjkwMCUyMiUyMGhlaWdodCUzRCUyMjQ1MCUyMiUyMHN0eWxlJTNEJTIyYm9yZGVyJTNBMCUzQiUyMiUyMGFsbG93ZnVsbHNjcmVlbiUzRCUyMiUyMiUyMGxvYWRpbmclM0QlMjJsYXp5JTIyJTNFJTNDJTJGaWZyYW1lJTNF&#187; size=&#187;500px&#187;][\/vc_column][\/vc_row][vc_row css_animation=&#187;&#187; row_type=&#187;row&#187; use_row_as_full_screen_section=&#187;no&#187; type=&#187;grid&#187; angled_section=&#187;no&#187; text_align=&#187;left&#187; background_image_as_pattern=&#187;without_pattern&#187; z_index=&#187;&#187;][vc_column][vc_empty_space][vc_row_inner row_type=&#187;row&#187; type=&#187;full_width&#187; text_align=&#187;left&#187; css_animation=&#187;&#187;][vc_column_inner width=&#187;1\/2&#8243;][vc_column_text]<\/p>\n<h2>\u0424\u043e\u0440\u043c\u0430 \u043e\u0431\u0440\u0430\u0442\u043d\u043e\u0439 \u0441\u0432\u044f\u0437\u0438<\/h2>\n<p>[\/vc_column_text][vc_empty_space]\n<div class=\"wpcf7 no-js\" id=\"wpcf7-f15382-o1\" lang=\"en-US\" dir=\"ltr\" data-wpcf7-id=\"15382\">\n<div class=\"screen-reader-response\"><p role=\"status\" aria-live=\"polite\" aria-atomic=\"true\"><\/p> <ul><\/ul><\/div>\n<form action=\"\/ru\/wp-json\/wp\/v2\/pages\/15368#wpcf7-f15382-o1\" method=\"post\" class=\"wpcf7-form init cf7_custom_style_1\" aria-label=\"Contact form\" novalidate=\"novalidate\" data-status=\"init\">\n<div style=\"display: none;\">\n<input type=\"hidden\" name=\"_wpcf7\" value=\"15382\" \/>\n<input type=\"hidden\" name=\"_wpcf7_version\" value=\"6.0.6\" \/>\n<input type=\"hidden\" name=\"_wpcf7_locale\" value=\"en_US\" \/>\n<input type=\"hidden\" name=\"_wpcf7_unit_tag\" value=\"wpcf7-f15382-o1\" \/>\n<input type=\"hidden\" name=\"_wpcf7_container_post\" value=\"0\" \/>\n<input type=\"hidden\" name=\"_wpcf7_posted_data_hash\" value=\"\" \/>\n<\/div>\n<div class=\"two_columns_50_50 clearfix\">\n\t<div class=\"column1\">\n\t\t<div class=\"column_inner\">\n\t\t\t<p><span class=\"wpcf7-form-control-wrap\" data-name=\"first-name\"><input size=\"40\" maxlength=\"400\" class=\"wpcf7-form-control wpcf7-text wpcf7-validates-as-required\" aria-required=\"true\" aria-invalid=\"false\" placeholder=\"First name*\" value=\"\" type=\"text\" name=\"first-name\" \/><\/span>\n\t\t\t<\/p>\n\t\t<\/div>\n\t<\/div>\n\t<div class=\"column2\">\n\t\t<div class=\"column_inner\">\n\t\t\t<p><span class=\"wpcf7-form-control-wrap\" data-name=\"last-name\"><input size=\"40\" maxlength=\"400\" class=\"wpcf7-form-control wpcf7-text wpcf7-validates-as-required\" aria-required=\"true\" aria-invalid=\"false\" placeholder=\"Last name*\" value=\"\" type=\"text\" name=\"last-name\" \/><\/span>\n\t\t\t<\/p>\n\t\t<\/div>\n\t<\/div>\n<\/div>\n<div class=\"two_columns_50_50 clearfix\">\n\t<div class=\"column1\">\n\t\t<div class=\"column_inner\">\n\t\t\t<p><span class=\"wpcf7-form-control-wrap\" data-name=\"your-email\"><input size=\"40\" maxlength=\"400\" class=\"wpcf7-form-control wpcf7-email wpcf7-validates-as-required wpcf7-text wpcf7-validates-as-email\" aria-required=\"true\" aria-invalid=\"false\" placeholder=\"Email address*\" value=\"\" type=\"email\" name=\"your-email\" \/><\/span>\n\t\t\t<\/p>\n\t\t<\/div>\n\t<\/div>\n\t<div class=\"column2\">\n\t\t<div class=\"column_inner\">\n\t\t\t<p><span class=\"wpcf7-form-control-wrap\" data-name=\"website\"><input size=\"20\" maxlength=\"100\" class=\"wpcf7-form-control wpcf7-url wpcf7-text wpcf7-validates-as-url\" aria-invalid=\"false\" placeholder=\"Website\" value=\"\" type=\"url\" name=\"website\" \/><\/span>\n\t\t\t<\/p>\n\t\t<\/div>\n\t<\/div>\n<\/div>\n<div>\n\t<p><span class=\"wpcf7-form-control-wrap\" data-name=\"your-message\"><textarea cols=\"40\" rows=\"5\" maxlength=\"2000\" class=\"wpcf7-form-control wpcf7-textarea wpcf7-validates-as-required\" aria-required=\"true\" aria-invalid=\"false\" placeholder=\"Message...\" name=\"your-message\"><\/textarea><\/span>\n\t<\/p>\n<\/div>\n<p style=\"text-align: center;\"><input class=\"wpcf7-form-control wpcf7-submit has-spinner\" type=\"submit\" value=\"Contact\" \/>\n<\/p><div class=\"wpcf7-response-output\" aria-hidden=\"true\"><\/div>\n<\/form>\n<\/div>\n[\/vc_column_inner][vc_column_inner width=&#187;1\/2&#8243;][vc_column_text]<\/p>\n<h2>\u041a\u043e\u043c\u043f\u0430\u043d\u0438\u044f<\/h2>\n<p>[\/vc_column_text][vc_empty_space][vc_column_text css=&#187;&#187;]<\/p>\n<p style=\"text-align: left;\"><strong>ELDAR METAL SANAYI VE TICARET LIMITED SIRKETI<\/strong><br \/>\nFenerbah\u00e7e Mah. Bedri Rahmi Ey\u00fcbo\u011flu Sokak No:10\/1 D:1<\/p>\n<p style=\"text-align: left;\">Kad\u0131k\u00f6y\/Istanbul, Turkey<br \/>\nT: +90 216 449 33 49<br \/>\nE:\u00a0<a href=\"mailto:info@eldarmetal.com\">info@eldarmetal.com<\/a><\/p>\n<p>[\/vc_column_text][\/vc_column_inner][\/vc_row_inner][vc_empty_space][\/vc_column][\/vc_row]<\/p>\n<\/div>","protected":false},"excerpt":{"rendered":"<p>[vc_row css_animation=&#187;&#187; row_type=&#187;row&#187; use_row_as_full_screen_section=&#187;no&#187; type=&#187;full_width&#187; angled_section=&#187;no&#187; text_align=&#187;left&#187; background_image_as_pattern=&#187;without_pattern&#187; z_index=&#187;&#187;][vc_column][vc_empty_space][vc_column_text] \u0413\u043b\u0430\u0432\u043d\u043e\u0435 \u0443\u043f\u0440\u0430\u0432\u043b\u0435\u043d\u0438\u0435 [\/vc_column_text][vc_separator type=&#187;small&#187; position=&#187;center&#187; color=&#187;#1b75bc&#187;][vc_empty_space][\/vc_column][\/vc_row][vc_row css_animation=&#187;&#187; row_type=&#187;row&#187; use_row_as_full_screen_section=&#187;no&#187; type=&#187;grid&#187; angled_section=&#187;no&#187; text_align=&#187;left&#187; background_image_as_pattern=&#187;without_pattern&#187; z_index=&#187;&#187;][vc_column][vc_gmaps link=&#187;#E-8_JTNDaWZyYW1lJTIwc3JjJTNEJTIyaHR0cHMlM0ElMkYlMkZ3d3cuZ29vZ2xlLmNvbSUyRm1hcHMlMkZlbWJlZCUzRnBiJTNEJTIxMW0xNCUyMTFtOCUyMTFtMyUyMTFkMTUwNi4wNzE4NzQxMjY3MzQ3JTIxMmQyOS4wNDM1NTE5MzY3NzA2MzMlMjEzZDQwLjk3ODMzMzA1NTAwMTQ2JTIxM20yJTIxMWkxMDI0JTIxMmk3NjglMjE0ZjEzLjElMjEzbTMlMjExbTIlMjExczB4MTRjYWI4N2ZhZTFiNzQ1MSUyNTNBMHhiYTMyZjEzOWIxZmM5ZDE4JTIxMnpSbVZ1WlhKaVlXakRwMlVzSUVKbFpISnBJRkpoYUcxcElFVjV3N3hpYjhTZmJIVWdVMnN1SURFd0xURXNJRE0wTnpJMklFdGhaTVN4YThPMmVTX0VzSE4wWVc1aWRXdyUyMTVlMCUyMTNtMiUyMTFzdHIlMjEyc3RyJTIxNHYxNjM4Mjg1OTUyMTMwJTIxNW0yJTIxMXN0ciUyMTJzdHIlMjIlMjB3aWR0aCUzRCUyMjkwMCUyMiUyMGhlaWdodCUzRCUyMjQ1MCUyMiUyMHN0eWxlJTNEJTIyYm9yZGVyJTNBMCUzQiUyMiUyMGFsbG93ZnVsbHNjcmVlbiUzRCUyMiUyMiUyMGxvYWRpbmclM0QlMjJsYXp5JTIyJTNFJTNDJTJGaWZyYW1lJTNF&#187; size=&#187;500px&#187;][\/vc_column][\/vc_row][vc_row css_animation=&#187;&#187; row_type=&#187;row&#187; use_row_as_full_screen_section=&#187;no&#187; type=&#187;grid&#187; angled_section=&#187;no&#187; text_align=&#187;left&#187; background_image_as_pattern=&#187;without_pattern&#187; z_index=&#187;&#187;][vc_column][vc_empty_space][vc_row_inner row_type=&#187;row&#187; type=&#187;full_width&#187; text_align=&#187;left&#187; css_animation=&#187;&#187;][vc_column_inner width=&#187;1\/2&#8243;][vc_column_text] \u0424\u043e\u0440\u043c\u0430 \u043e\u0431\u0440\u0430\u0442\u043d\u043e\u0439 \u0441\u0432\u044f\u0437\u0438 [\/vc_column_text][vc_empty_space][\/vc_column_inner][vc_column_inner width=&#187;1\/2&#8243;][vc_column_text] \u041a\u043e\u043c\u043f\u0430\u043d\u0438\u044f [\/vc_column_text][vc_empty_space][vc_column_text&#8230;<\/p>\n","protected":false},"author":1,"featured_media":0,"parent":0,"menu_order":0,"comment_status":"closed","ping_status":"closed","template":"full_width.php","meta":{"_joinchat":[],"footnotes":""},"class_list":["post-15368","page","type-page","status-publish","hentry"],"translation":{"provider":"WPGlobus","version":"2.12.2","language":"ru","enabled_languages":["en","es","de","fr","ru","tr"],"languages":{"en":{"title":true,"content":true,"excerpt":false},"es":{"title":false,"content":true,"excerpt":false},"de":{"title":false,"content":true,"excerpt":false},"fr":{"title":false,"content":true,"excerpt":false},"ru":{"title":false,"content":true,"excerpt":false},"tr":{"title":false,"content":true,"excerpt":false}}},"_links":{"self":[{"href":"https:\/\/eldarmetal.com\/ru\/wp-json\/wp\/v2\/pages\/15368","targetHints":{"allow":["GET"]}}],"collection":[{"href":"https:\/\/eldarmetal.com\/ru\/wp-json\/wp\/v2\/pages"}],"about":[{"href":"https:\/\/eldarmetal.com\/ru\/wp-json\/wp\/v2\/types\/page"}],"author":[{"embeddable":true,"href":"https:\/\/eldarmetal.com\/ru\/wp-json\/wp\/v2\/users\/1"}],"replies":[{"embeddable":true,"href":"https:\/\/eldarmetal.com\/ru\/wp-json\/wp\/v2\/comments?post=15368"}],"version-history":[{"count":38,"href":"https:\/\/eldarmetal.com\/ru\/wp-json\/wp\/v2\/pages\/15368\/revisions"}],"predecessor-version":[{"id":15898,"href":"https:\/\/eldarmetal.com\/ru\/wp-json\/wp\/v2\/pages\/15368\/revisions\/15898"}],"wp:attachment":[{"href":"https:\/\/eldarmetal.com\/ru\/wp-json\/wp\/v2\/media?parent=15368"}],"curies":[{"name":"wp","href":"https:\/\/api.w.org\/{rel}","templated":true}]}}