{"id":15556,"date":"2021-10-26T17:21:57","date_gmt":"2021-10-26T17:21:57","guid":{"rendered":"https:\/\/eldarmetal.com\/?page_id=15556"},"modified":"2025-01-14T15:32:52","modified_gmt":"2025-01-14T15:32:52","slug":"non-steel-products","status":"publish","type":"page","link":"https:\/\/eldarmetal.com\/fr\/non-steel-products\/","title":{"rendered":"NON-STEEL PRODUCTS"},"content":{"rendered":"<div class=\"wpb-content-wrapper\"><p>[vc_row css_animation=&#8221;&#8221; row_type=&#8221;row&#8221; use_row_as_full_screen_section=&#8221;no&#8221; type=&#8221;grid&#8221; angled_section=&#8221;no&#8221; text_align=&#8221;left&#8221; background_image_as_pattern=&#8221;without_pattern&#8221; z_index=&#8221;&#8221;][vc_column][vc_empty_space height=&#8221;50px&#8221;][vc_column_text css=&#8221;&#8221;]<strong><b>Chez Eldar Metal, nous croyons fermement que les besoins de nos clients sont la base de notre succ\u00e8s.<\/b><\/strong>[\/vc_column_text][\/vc_column][\/vc_row][vc_row css_animation=&#8221;&#8221; row_type=&#8221;row&#8221; use_row_as_full_screen_section=&#8221;no&#8221; type=&#8221;full_width&#8221; angled_section=&#8221;no&#8221; text_align=&#8221;left&#8221; background_image_as_pattern=&#8221;without_pattern&#8221;][vc_column][vc_empty_space][\/vc_column][\/vc_row][vc_row css_animation=&#8221;&#8221; row_type=&#8221;row&#8221; use_row_as_full_screen_section=&#8221;no&#8221; type=&#8221;grid&#8221; angled_section=&#8221;no&#8221; text_align=&#8221;left&#8221; background_image_as_pattern=&#8221;without_pattern&#8221; z_index=&#8221;&#8221;][vc_column][vc_column_text css=&#8221;&#8221;]Avec un engagement ind\u00e9fectible envers l\u2019excellence, nous ne nous contentons pas de r\u00e9pondre aux attentes de nos clients, nous cherchons \u00e0 les d\u00e9passer. Bien que notre expertise principale r\u00e9side dans les produits en acier, nous sommes \u00e9galement comp\u00e9tents dans la fourniture d\u2019une large gamme de mat\u00e9riaux non m\u00e9talliques, garantissant \u00e0 nos clients un \u00e9ventail complet de solutions sous un m\u00eame toit.<\/p>\n<p>&nbsp;<\/p>\n<p><strong><b>Notre Gamme Compl\u00e8te de Produits<\/b><\/strong><\/p>\n<p>&nbsp;<\/p>\n<p><strong><b>Machines Industrielles<\/b><\/strong><\/p>\n<p>&nbsp;<\/p>\n<p>Nous proposons des solutions de pointe en mati\u00e8re de machines, adapt\u00e9es aux exigences de l\u2019industrie moderne. Nos offres incluent :<\/p>\n<p>&nbsp;<\/p>\n<ul>\n<li><strong><b>Lignes de coupe \u00e0 longueur :<\/b><\/strong>\u00c9quipements de pr\u00e9cision pour transformer les bobines d\u2019acier en feuilles de longueur exacte.<\/li>\n<li><strong><b>Lignes de refendage :<\/b><\/strong>Machines haute performance con\u00e7ues pour refendre les bobines d\u2019acier larges en bandes plus \u00e9troites.<\/li>\n<li><strong><b>Lignes de tubes ERW :<\/b><\/strong>Usines de tubes avanc\u00e9es \u00e0 soudure par r\u00e9sistance \u00e9lectrique pour la production de tubes en acier de haute qualit\u00e9.<\/li>\n<li><strong><b>Lignes de t\u00f4les trap\u00e9zo\u00efdales et ondul\u00e9es :<\/b><\/strong>Machines sp\u00e9cialis\u00e9es pour produire des t\u00f4les de toiture et de bardage durables.<\/li>\n<\/ul>\n<p>&nbsp;<\/p>\n<p><strong><b>Produits Alimentaires<\/b><\/strong><\/p>\n<p>&nbsp;<\/p>\n<p>Eldar Metal fournit une large gamme de produits alimentaires de haute qualit\u00e9, r\u00e9pondant \u00e0 divers besoins culinaires :<\/p>\n<p>&nbsp;<\/p>\n<ul>\n<li><strong><b>C\u00e9r\u00e9ales et produits de base :<\/b><\/strong>Bl\u00e9, riz et farine de qualit\u00e9 sup\u00e9rieure, provenant de producteurs de confiance.<\/li>\n<li><strong><b>Ingr\u00e9dients de cuisine :<\/b><\/strong>Une s\u00e9lection riche en \u00e9pices et huiles de cuisson pour sublimer toute cuisine.<\/li>\n<li><strong><b>Aliments emball\u00e9s :<\/b><\/strong>Options pratiques et d\u00e9licieuses, y compris p\u00e2tes, chocolats, bonbons, biscuits, et bien plus encore.<\/li>\n<li><strong><b>Boissons :<\/b><\/strong>Jus frais et savoureux pour accompagner chaque repas.<\/li>\n<\/ul>\n<p>&nbsp;<\/p>\n<p><strong><b>Mat\u00e9riaux de Construction et B\u00e2timent<\/b><\/strong><\/p>\n<p>&nbsp;<\/p>\n<p>Nous soutenons le d\u00e9veloppement des infrastructures avec une s\u00e9lection robuste de mat\u00e9riaux de construction, tels que :<\/p>\n<p>&nbsp;<\/p>\n<ul>\n<li><strong><b>Contreplaqu\u00e9 :<\/b><\/strong>Produits en bois polyvalents pour des usages structurels et d\u00e9coratifs.<\/li>\n<li><strong><b>Tuyaux en plastique :<\/b><\/strong>Solutions de tuyauterie durables pour l\u2019eau, le drainage et d\u2019autres syst\u00e8mes.<\/li>\n<li><strong><b>C\u00e9ramiques et carreaux :<\/b><\/strong>Produits de haute qualit\u00e9 pour les sols, murs et finitions d\u00e9coratives.<\/li>\n<li><strong><b>Marbre :<\/b><\/strong>Pierre naturelle \u00e9l\u00e9gante et durable pour des projets luxueux.<\/li>\n<li><strong><b>Composants structurels :<\/b><\/strong>Briques fiables et autres mat\u00e9riaux essentiels.<\/li>\n<li><strong><b>Liants :<\/b><\/strong>Ciment et pl\u00e2tre de qualit\u00e9 sup\u00e9rieure pour les besoins de construction.<\/li>\n<\/ul>\n<p>&nbsp;<\/p>\n<p><strong><b>Articles M\u00e9nagers<\/b><\/strong><\/p>\n<p>&nbsp;<\/p>\n<p>Nous r\u00e9pondons aux besoins quotidiens des m\u00e9nages avec une gamme diversifi\u00e9e de produits, notamment :<\/p>\n<p>&nbsp;<\/p>\n<ul>\n<li>Des tapis \u00e9l\u00e9gants et pratiques pour la maison ou le bureau.<\/li>\n<li>Des chaises en plastique l\u00e9g\u00e8res mais robustes.<\/li>\n<li>Des poubelles durables disponibles en diff\u00e9rentes tailles et conceptions.<\/li>\n<li>Des bagages de haute qualit\u00e9 pour les voyages et les solutions de stockage.<\/li>\n<\/ul>\n<p>&nbsp;<\/p>\n<p><strong><b>Produits Textiles<\/b><\/strong><\/p>\n<p>&nbsp;<\/p>\n<p>Notre offre textile comprend :<\/p>\n<p>&nbsp;<\/p>\n<ul>\n<li><strong><b>V\u00eatements :<\/b><\/strong>Des habits confortables et \u00e9l\u00e9gants pour toutes les saisons.<\/li>\n<li><strong><b>Textiles d\u2019int\u00e9rieur :<\/b><\/strong>Literie luxueuse, rideaux et autres essentiels pour la maison.<\/li>\n<\/ul>\n<p>&nbsp;<\/p>\n<p><strong><b>Outils et Accessoires<\/b><\/strong><\/p>\n<p>&nbsp;<\/p>\n<p>Eldar Metal fournit des outils manuels fiables et des pi\u00e8ces d\u00e9tach\u00e9es pour soutenir les industries, les ateliers et les m\u00e9nages.<\/p>\n<p>&nbsp;<\/p>\n<p><strong><b>Articles en Verre<\/b><\/strong><\/p>\n<p>&nbsp;<\/p>\n<p>Qu\u2019il s\u2019agisse de d\u00e9coration ou de fonctionnalit\u00e9, notre gamme de verrerie r\u00e9pond aux besoins des clients r\u00e9sidentiels et commerciaux.<\/p>\n<p>&nbsp;<\/p>\n<p><strong><b>Services \u00e0 Valeur Ajout\u00e9e : Allier Efficacit\u00e9 et \u00c9conomies<\/b><\/strong><\/p>\n<p>&nbsp;<\/p>\n<p>Chez Eldar Metal, nous comprenons les d\u00e9fis li\u00e9s \u00e0 la gestion des co\u00fbts de fret. C\u2019est pourquoi nous offrons la possibilit\u00e9 unique de combiner plusieurs types de produits, y compris des mat\u00e9riaux en acier et non m\u00e9talliques, dans un m\u00eame conteneur. Cette approche optimise non seulement votre processus d\u2019approvisionnement, mais r\u00e9duit \u00e9galement consid\u00e9rablement les frais d\u2019exp\u00e9dition.<\/p>\n<p>&nbsp;<\/p>\n<p><strong><b>Notre Promesse envers Vous<\/b><\/strong><\/p>\n<p>&nbsp;<\/p>\n<p>Nous sommes fiers de fournir bien plus que des produits \u2013 nous proposons des solutions adapt\u00e9es \u00e0 vos besoins sp\u00e9cifiques. En mettant l\u2019accent sur la qualit\u00e9, la fiabilit\u00e9 et la satisfaction du client, nous nous distinguons en tant que partenaire de confiance dans le commerce mondial.<\/p>\n<p>&nbsp;<\/p>\n<p>Que vous ayez besoin d\u2019un produit unique ou d\u2019une combinaison complexe de mat\u00e9riaux, notre \u00e9quipe d\u00e9vou\u00e9e travaille sans rel\u00e2che pour garantir des livraisons ponctuelles, une qualit\u00e9 exceptionnelle et un service in\u00e9gal\u00e9.<\/p>\n<p>&nbsp;<\/p>\n<p><strong><b>Eldar Metal n\u2019est pas seulement un fournisseur ; nous sommes votre partenaire de r\u00e9ussite, engag\u00e9s \u00e0 vous aider \u00e0 atteindre vos objectifs commerciaux avec confiance et s\u00e9r\u00e9nit\u00e9.<\/b><\/strong>[\/vc_column_text][\/vc_column][\/vc_row][vc_row css_animation=&#8221;&#8221; row_type=&#8221;row&#8221; use_row_as_full_screen_section=&#8221;no&#8221; type=&#8221;full_width&#8221; angled_section=&#8221;no&#8221; text_align=&#8221;left&#8221; background_image_as_pattern=&#8221;without_pattern&#8221;][vc_column][vc_empty_space][\/vc_column][\/vc_row][vc_row css_animation=&#8221;&#8221; row_type=&#8221;row&#8221; use_row_as_full_screen_section=&#8221;no&#8221; type=&#8221;full_width&#8221; angled_section=&#8221;no&#8221; text_align=&#8221;left&#8221; background_image_as_pattern=&#8221;without_pattern&#8221;][vc_column][vc_single_image image=&#8221;15692&#8243; img_size=&#8221;large&#8221; alignment=&#8221;center&#8221; style=&#8221;vc_box_shadow_3d&#8221; qode_css_animation=&#8221;&#8221;][\/vc_column][\/vc_row]<\/p>\n<\/div>","protected":false},"excerpt":{"rendered":"<p>[vc_row css_animation=&#8221;&#8221; row_type=&#8221;row&#8221; use_row_as_full_screen_section=&#8221;no&#8221; type=&#8221;grid&#8221; angled_section=&#8221;no&#8221; text_align=&#8221;left&#8221; background_image_as_pattern=&#8221;without_pattern&#8221; z_index=&#8221;&#8221;][vc_column][vc_empty_space height=&#8221;50px&#8221;][vc_column_text css=&#8221;&#8221;]Chez Eldar Metal, nous croyons fermement que les besoins de nos clients sont la base de notre succ\u00e8s.[\/vc_column_text][\/vc_column][\/vc_row][vc_row css_animation=&#8221;&#8221; row_type=&#8221;row&#8221; use_row_as_full_screen_section=&#8221;no&#8221; type=&#8221;full_width&#8221; angled_section=&#8221;no&#8221; text_align=&#8221;left&#8221; background_image_as_pattern=&#8221;without_pattern&#8221;][vc_column][vc_empty_space][\/vc_column][\/vc_row][vc_row css_animation=&#8221;&#8221; row_type=&#8221;row&#8221; use_row_as_full_screen_section=&#8221;no&#8221; type=&#8221;grid&#8221; angled_section=&#8221;no&#8221; text_align=&#8221;left&#8221; background_image_as_pattern=&#8221;without_pattern&#8221; z_index=&#8221;&#8221;][vc_column][vc_column_text css=&#8221;&#8221;]Avec un&#8230;<\/p>\n","protected":false},"author":1,"featured_media":0,"parent":0,"menu_order":0,"comment_status":"closed","ping_status":"closed","template":"full_width.php","meta":{"_joinchat":[],"footnotes":""},"class_list":["post-15556","page","type-page","status-publish","hentry"],"translation":{"provider":"WPGlobus","version":"2.12.2","language":"fr","enabled_languages":["en","es","de","fr","ru","tr"],"languages":{"en":{"title":true,"content":true,"excerpt":false},"es":{"title":false,"content":true,"excerpt":false},"de":{"title":false,"content":true,"excerpt":false},"fr":{"title":false,"content":true,"excerpt":false},"ru":{"title":false,"content":true,"excerpt":false},"tr":{"title":false,"content":true,"excerpt":false}}},"_links":{"self":[{"href":"https:\/\/eldarmetal.com\/fr\/wp-json\/wp\/v2\/pages\/15556","targetHints":{"allow":["GET"]}}],"collection":[{"href":"https:\/\/eldarmetal.com\/fr\/wp-json\/wp\/v2\/pages"}],"about":[{"href":"https:\/\/eldarmetal.com\/fr\/wp-json\/wp\/v2\/types\/page"}],"author":[{"embeddable":true,"href":"https:\/\/eldarmetal.com\/fr\/wp-json\/wp\/v2\/users\/1"}],"replies":[{"embeddable":true,"href":"https:\/\/eldarmetal.com\/fr\/wp-json\/wp\/v2\/comments?post=15556"}],"version-history":[{"count":38,"href":"https:\/\/eldarmetal.com\/fr\/wp-json\/wp\/v2\/pages\/15556\/revisions"}],"predecessor-version":[{"id":15986,"href":"https:\/\/eldarmetal.com\/fr\/wp-json\/wp\/v2\/pages\/15556\/revisions\/15986"}],"wp:attachment":[{"href":"https:\/\/eldarmetal.com\/fr\/wp-json\/wp\/v2\/media?parent=15556"}],"curies":[{"name":"wp","href":"https:\/\/api.w.org\/{rel}","templated":true}]}}