{"id":15548,"date":"2021-10-26T17:07:34","date_gmt":"2021-10-26T17:07:34","guid":{"rendered":"https:\/\/eldarmetal.com\/?page_id=15548"},"modified":"2024-02-01T20:26:56","modified_gmt":"2024-02-01T20:26:56","slug":"tubular-steel","status":"publish","type":"page","link":"https:\/\/eldarmetal.com\/fr\/tubular-steel\/","title":{"rendered":"Tubular Steel"},"content":{"rendered":"<div class=\"wpb-content-wrapper\"><p>[vc_row row_type=&#8221;parallax&#8221; parallax_content_width=&#8221;in_grid&#8221; text_align=&#8221;left&#8221; background_image=&#8221;15681&#8243; full_screen_section_height=&#8221;no&#8221; section_height=&#8221;301&#8243;][vc_column width=&#8221;2\/3&#8243;][vc_empty_space height=&#8221;90px&#8221;][vc_column_text]<\/p>\n<h2 style=\"color: #ffffff;\">TUBULAR STEEL PRODUCTS<\/h2>\n<p>[\/vc_column_text][\/vc_column][vc_column width=&#8221;1\/3&#8243;][\/vc_column][\/vc_row][vc_row css_animation=&#8221;&#8221; row_type=&#8221;row&#8221; use_row_as_full_screen_section=&#8221;no&#8221; type=&#8221;full_width&#8221; angled_section=&#8221;no&#8221; text_align=&#8221;left&#8221; background_image_as_pattern=&#8221;without_pattern&#8221;][vc_column][vc_empty_space height=&#8221;50px&#8221;][\/vc_column][\/vc_row][vc_row css_animation=&#8221;element_from_left&#8221; row_type=&#8221;row&#8221; use_row_as_full_screen_section=&#8221;no&#8221; type=&#8221;grid&#8221; header_style=&#8221;light&#8221; angled_section=&#8221;no&#8221; text_align=&#8221;left&#8221; background_image_as_pattern=&#8221;without_pattern&#8221; padding_top=&#8221;20&#8243; padding_bottom=&#8221;20&#8243; z_index=&#8221;&#8221;][vc_column width=&#8221;1\/2&#8243;][vc_single_image image=&#8221;15595&#8243; img_size=&#8221;full&#8221; alignment=&#8221;center&#8221; style=&#8221;vc_box_shadow_3d&#8221; qode_css_animation=&#8221;&#8221;][\/vc_column][vc_column width=&#8221;1\/2&#8243;][vc_column_text]<\/p>\n<h2>Sections creuses (carr\u00e9es et rectangulaires)<\/h2>\n<p>[\/vc_column_text][vc_empty_space][vc_column_text]Norme : ASTM, BS, DIB, AISI, GOST, JIS, ISO, SAE, SI, TS, UNI, EURONORM, AFNOR (NF)<\/p>\n<p>&nbsp;<\/p>\n<p>Qualit\u00e9 : ST 37.2 \/ ST 44.2 \/ ST 52.3 DIN 2395-1, DIN 59411, TS EN 10305-5, BS 6363, NFA 49-145, NFA49-541, TS EN 10219, ASTM A-500, UNE 36-537, SI 1458<\/p>\n<p>&nbsp;<\/p>\n<p>Taille : Carr\u00e9 : 10 x 10 mm &#8211; 400 x 400 mm<br \/>\nRectangulaire : 10&#215;20 mm &#8211; 300 x 500 mm<\/p>\n<p>Surface : Noir, Galvanis\u00e9, Peinture antirouille (GPP)<\/p>\n<p>Epaisseur : 0,70 mm &#8211; 16 mm<\/p>\n<p>Longueur : 4 \u00e0 15 m\u00e8tres[\/vc_column_text][\/vc_column][\/vc_row][vc_row css_animation=&#8221;element_from_right&#8221; row_type=&#8221;row&#8221; use_row_as_full_screen_section=&#8221;no&#8221; type=&#8221;grid&#8221; angled_section=&#8221;no&#8221; text_align=&#8221;left&#8221; background_image_as_pattern=&#8221;without_pattern&#8221; background_color=&#8221;#f9f9f9&#8243; padding_top=&#8221;20&#8243; padding_bottom=&#8221;20&#8243; z_index=&#8221;&#8221;][vc_column width=&#8221;1\/2&#8243;][vc_column_text]<\/p>\n<h2>Tuyaux soud\u00e9s longitudinalement (REG &#8211; Structurel, Eau et Gaz, Bo\u00eetier)<\/h2>\n<p>[\/vc_column_text][vc_empty_space][vc_column_text]<strong>Norme :<\/strong> ASTM, BS, DIB, AISI, GOST, JIS, ISO, SAE, SI, TS, UNI, EURONORM, AFNOR (NF)<\/p>\n<p>&nbsp;<\/p>\n<p><strong>Qualit\u00e9 :<\/strong> ST 37.2 \/ ST 44.2 \/ ST 52.3 DIN 2440, DIN 1387, DIN 2999-2986, DIN 2458-1615 &amp; 1626, EN 10217-1 TR1, EN 39, EN 10219-2, EN 10255, ISO 65, N FA49 -145, ASTM A53, ASTM A500, BS 1187, BS 1387, BS 6363, BS 6323, BS 1139, SI 1458<\/p>\n<p>&nbsp;<\/p>\n<p><strong>Taille :<\/strong> 10 mm &#8211; 323,9 mm (1\/2&#8243; &#8211; 12&#8243;)<\/p>\n<p><strong>Surface :<\/strong> Noir, Galvanis\u00e9, Peint antirouille<\/p>\n<p><strong>Epaisseur :<\/strong> 0,70 mm &#8211; 12 mm<\/p>\n<p><strong>Longueur :<\/strong> 4 \u00e0 15 m\u00e8tres[\/vc_column_text][\/vc_column][vc_column width=&#8221;1\/2&#8243;][vc_single_image image=&#8221;15596&#8243; img_size=&#8221;full&#8221; alignment=&#8221;center&#8221; style=&#8221;vc_box_shadow_3d&#8221; qode_css_animation=&#8221;&#8221;][\/vc_column][\/vc_row][vc_row css_animation=&#8221;element_from_left&#8221; row_type=&#8221;row&#8221; use_row_as_full_screen_section=&#8221;no&#8221; type=&#8221;grid&#8221; angled_section=&#8221;no&#8221; text_align=&#8221;left&#8221; background_image_as_pattern=&#8221;without_pattern&#8221; padding_top=&#8221;20&#8243; padding_bottom=&#8221;20&#8243; z_index=&#8221;&#8221;][vc_column width=&#8221;1\/2&#8243;][vc_single_image image=&#8221;15597&#8243; img_size=&#8221;full&#8221; alignment=&#8221;center&#8221; style=&#8221;vc_box_shadow_3d&#8221; qode_css_animation=&#8221;&#8221;][\/vc_column][vc_column width=&#8221;1\/2&#8243;][vc_column_text]<\/p>\n<h2>Tuyaux sans soudure<\/h2>\n<p>[\/vc_column_text][vc_empty_space][vc_column_text]<strong>Norme :<\/strong> ASTM, BS, DIB, AISI, GOST, JIS, ISO, SAE, SI, TS, UNI, EURONORM, AFNOR (NF)<\/p>\n<p>&nbsp;<\/p>\n<p><strong>Qualit\u00e9 :<\/strong> ST 37 \/ ST 37.4 \/ ST 35 \/ ST 35.8 \/ ST 44.4 \/ ST 45 \/ ST 45.8 \/ ST 52 \/ ST 52.4 \/ DIN 2448-1629, DIN 2391, 15 Mo 3, 10 CrMo 910, 13 CrMo 44, Gr A\/B\/C &#8211; ASTM A 106, H-40, J-55, K-55, N-80 API 5CT, Gr A\/B, X42, X52, X60 API 5L<\/p>\n<p>&nbsp;<\/p>\n<p><strong>Taille :<\/strong> 19 mm &#8211; 355,6 mm<\/p>\n<p><strong>Epaisseur :<\/strong> 2,30 mm &#8211; 45 mm<\/p>\n<p><strong>Longueur :<\/strong> 4 \u00e0 15 m\u00e8tres[\/vc_column_text][\/vc_column][\/vc_row][vc_row css_animation=&#8221;element_from_right&#8221; row_type=&#8221;row&#8221; use_row_as_full_screen_section=&#8221;no&#8221; type=&#8221;grid&#8221; angled_section=&#8221;no&#8221; text_align=&#8221;left&#8221; background_image_as_pattern=&#8221;without_pattern&#8221; background_color=&#8221;#f9f9f9&#8243; padding_top=&#8221;20&#8243; padding_bottom=&#8221;20&#8243; z_index=&#8221;&#8221;][vc_column width=&#8221;1\/2&#8243;][vc_column_text]<\/p>\n<h2>Tuyaux soud\u00e9s en spirale<\/h2>\n<p>[\/vc_column_text][vc_empty_space][vc_column_text]<strong>Norme :<\/strong> ASTM, BS, DIB, AISI, GOST, JIS, ISO, SAE, SI, TS, UNI, EURONORM, AFNOR (NF)<\/p>\n<p>&nbsp;<\/p>\n<p><strong>Qualit\u00e9 :<\/strong> API 5L X42, X46, X52, X56, X60, X65, X70, GOST 20295, EN 10208-2, ISO 3183, TS EN 10217-1 AWWA C200, BS 534, UNI 6363, TS EN 10224, BS 3601, S185, S235JR, S235JO, E335, S355JR, S355JO DIN 1626, EN 10217-3, EN 10217-5, EN 10217-6, Grade AB ASTM A139, ASTM A 252, TS EN 10219, AWWA C208, BS 534<\/p>\n<p>&nbsp;<\/p>\n<p><strong>Taille :<\/strong> 219,1mm &#8211; 4064mm (8&#8243; &#8211; 160&#8243;)<\/p>\n<p><strong>Rev\u00eatement :<\/strong> Noir, Nu, Vernis, Antirouille, 3PE, 2PE, FBE<br \/>\n<strong>Rev\u00eatement \u00e9poxy\u00a0:<\/strong> AWWA C-210, NFA 49709, TS EN 10289, AWWA C-213, API 5L7, NACE RP 0394<br \/>\n<strong>Rev\u00eatement polyur\u00e9thane\u00a0:<\/strong> BS 5493<br \/>\n<strong>Rev\u00eatement poly\u00e9thyl\u00e8ne :<\/strong> DIN 30670, NFA 49710, TS 5139, UNI 9099<br \/>\n<strong>Rev\u00eatement polypropyl\u00e8ne :<\/strong> DIN 30678, NFA 49711<br \/>\n<strong>Rev\u00eatement bitume\u00a0:<\/strong> TS 4356, DIN 30673, BS 534<br \/>\n<strong>Rev\u00eatement \u00e9maill\u00e9 au goudron de houille\u00a0:<\/strong> AWWA C-203<br \/>\n<strong>Rev\u00eatement b\u00e9ton :<\/strong> DVGW GW 340<\/p>\n<p><strong>Garniture :<\/strong><br \/>\n<strong>Rev\u00eatement \u00e9poxy\u00a0:<\/strong> AWWA C-210, NFA 49709, API RP 5L2, TS EN 10289<br \/>\n<strong>Rev\u00eatement bitume\u00a0:<\/strong> DIN 30673, BS 534<br \/>\n<strong>Rev\u00eatement en mortier de ciment\u00a0:<\/strong> AWWA C-205, BS 534, EN 10298<\/p>\n<p><strong>Joint\u00a0:<\/strong> Joint soud\u00e9, joint \u00e0 douille sph\u00e9rique, joint \u00e0 embo\u00eetement et joint \u00e0 embo\u00eetement, joint \u00e0 bride<\/p>\n<p><strong>\u00c9paisseur :<\/strong> 4 mm &#8211; 26 mm<\/p>\n<p><strong>Longueur :<\/strong> 6 &#8211; 18 m\u00e8tres[\/vc_column_text][\/vc_column][vc_column width=&#8221;1\/2&#8243;][vc_single_image image=&#8221;15598&#8243; img_size=&#8221;full&#8221; alignment=&#8221;center&#8221; style=&#8221;vc_box_shadow_3d&#8221; qode_css_animation=&#8221;&#8221;][\/vc_column][\/vc_row][vc_row css_animation=&#8221;&#8221; row_type=&#8221;row&#8221; use_row_as_full_screen_section=&#8221;no&#8221; type=&#8221;full_width&#8221; angled_section=&#8221;no&#8221; text_align=&#8221;left&#8221; background_image_as_pattern=&#8221;without_pattern&#8221;][vc_column][vc_empty_space height=&#8221;60px&#8221;][\/vc_column][\/vc_row]<\/p>\n<\/div>","protected":false},"excerpt":{"rendered":"<p>[vc_row row_type=&#8221;parallax&#8221; parallax_content_width=&#8221;in_grid&#8221; text_align=&#8221;left&#8221; background_image=&#8221;15681&#8243; full_screen_section_height=&#8221;no&#8221; section_height=&#8221;301&#8243;][vc_column width=&#8221;2\/3&#8243;][vc_empty_space height=&#8221;90px&#8221;][vc_column_text] TUBULAR STEEL PRODUCTS [\/vc_column_text][\/vc_column][vc_column width=&#8221;1\/3&#8243;][\/vc_column][\/vc_row][vc_row css_animation=&#8221;&#8221; row_type=&#8221;row&#8221; use_row_as_full_screen_section=&#8221;no&#8221; type=&#8221;full_width&#8221; angled_section=&#8221;no&#8221; text_align=&#8221;left&#8221; background_image_as_pattern=&#8221;without_pattern&#8221;][vc_column][vc_empty_space height=&#8221;50px&#8221;][\/vc_column][\/vc_row][vc_row css_animation=&#8221;element_from_left&#8221; row_type=&#8221;row&#8221; use_row_as_full_screen_section=&#8221;no&#8221; type=&#8221;grid&#8221; header_style=&#8221;light&#8221; angled_section=&#8221;no&#8221; text_align=&#8221;left&#8221; background_image_as_pattern=&#8221;without_pattern&#8221; padding_top=&#8221;20&#8243; padding_bottom=&#8221;20&#8243; z_index=&#8221;&#8221;][vc_column width=&#8221;1\/2&#8243;][vc_single_image image=&#8221;15595&#8243; img_size=&#8221;full&#8221; alignment=&#8221;center&#8221; style=&#8221;vc_box_shadow_3d&#8221; qode_css_animation=&#8221;&#8221;][\/vc_column][vc_column width=&#8221;1\/2&#8243;][vc_column_text] Sections creuses (carr\u00e9es et rectangulaires)&#8230;<\/p>\n","protected":false},"author":1,"featured_media":0,"parent":0,"menu_order":0,"comment_status":"closed","ping_status":"closed","template":"full_width.php","meta":{"_joinchat":[],"footnotes":""},"class_list":["post-15548","page","type-page","status-publish","hentry"],"translation":{"provider":"WPGlobus","version":"2.12.2","language":"fr","enabled_languages":["en","es","de","fr","ru","tr"],"languages":{"en":{"title":true,"content":true,"excerpt":false},"es":{"title":false,"content":true,"excerpt":false},"de":{"title":false,"content":true,"excerpt":false},"fr":{"title":false,"content":true,"excerpt":false},"ru":{"title":false,"content":true,"excerpt":false},"tr":{"title":false,"content":true,"excerpt":false}}},"_links":{"self":[{"href":"https:\/\/eldarmetal.com\/fr\/wp-json\/wp\/v2\/pages\/15548","targetHints":{"allow":["GET"]}}],"collection":[{"href":"https:\/\/eldarmetal.com\/fr\/wp-json\/wp\/v2\/pages"}],"about":[{"href":"https:\/\/eldarmetal.com\/fr\/wp-json\/wp\/v2\/types\/page"}],"author":[{"embeddable":true,"href":"https:\/\/eldarmetal.com\/fr\/wp-json\/wp\/v2\/users\/1"}],"replies":[{"embeddable":true,"href":"https:\/\/eldarmetal.com\/fr\/wp-json\/wp\/v2\/comments?post=15548"}],"version-history":[{"count":12,"href":"https:\/\/eldarmetal.com\/fr\/wp-json\/wp\/v2\/pages\/15548\/revisions"}],"predecessor-version":[{"id":15856,"href":"https:\/\/eldarmetal.com\/fr\/wp-json\/wp\/v2\/pages\/15548\/revisions\/15856"}],"wp:attachment":[{"href":"https:\/\/eldarmetal.com\/fr\/wp-json\/wp\/v2\/media?parent=15548"}],"curies":[{"name":"wp","href":"https:\/\/api.w.org\/{rel}","templated":true}]}}