{"id":15336,"date":"2015-04-30T10:35:21","date_gmt":"2015-04-30T10:35:21","guid":{"rendered":"http:\/\/demo.qodeinteractive.com\/bridge81\/?page_id=15336"},"modified":"2025-01-14T10:09:21","modified_gmt":"2025-01-14T10:09:21","slug":"aboutus","status":"publish","type":"page","link":"https:\/\/eldarmetal.com\/fr\/aboutus\/","title":{"rendered":"About Us"},"content":{"rendered":"<div class=\"wpb-content-wrapper\"><p>[vc_row css_animation=&#8221;&#8221; row_type=&#8221;row&#8221; use_row_as_full_screen_section=&#8221;no&#8221; type=&#8221;grid&#8221; angled_section=&#8221;no&#8221; text_align=&#8221;left&#8221; background_image_as_pattern=&#8221;without_pattern&#8221; padding_top=&#8221;88&#8243; padding_bottom=&#8221;75&#8243;][vc_column][vc_column_text css=&#8221;&#8221;]Chez <strong><b>Eldar Metal<\/b><\/strong>, nous sommes sp\u00e9cialis\u00e9s dans l\u2019exportation et le commerce mondial de produits en fer et en acier de haute qualit\u00e9. Bas\u00e9s \u00e0 Istanbul, en Turquie, nous mettons \u00e0 profit plus de 20 ans d\u2019expertise dans le secteur pour accompagner des entreprises du monde entier.<\/p>\n<p>&nbsp;<\/p>\n<p><strong><b>Notre gamme de produits<\/b><\/strong>\u00a0s\u2019\u00e9tend des mati\u00e8res premi\u00e8res comme les billettes et les brames aux produits finis en acier, tous provenant de fabricants de confiance. Que vous ayez besoin de solutions personnalis\u00e9es ou de produits standards, <strong><b>Eldar Metal<\/b><\/strong>\u00a0garantit qualit\u00e9, fiabilit\u00e9 et prix comp\u00e9titifs.<\/p>\n<p>&nbsp;<\/p>\n<p><strong><b>Expertise en exportation de fer et d\u2019acier<\/b><\/strong><\/p>\n<p>&nbsp;<\/p>\n<p>Chez <strong><b>Eldar Metal<\/b><\/strong>, nous excellons dans l\u2019exportation d\u2019une large gamme de produits en acier, des mati\u00e8res premi\u00e8res comme les billettes et les brames aux produits finis tels que les barres d\u2019armature, les fils machine, les bobines et t\u00f4les d\u2019acier, les profils et les tuyaux. Notre portefeuille de produits comprend plus de 250 types d\u2019articles en acier conformes aux normes internationales, notamment ASTM, BS, GOST, JIS, DIN et DSTU.<\/p>\n<p>&nbsp;<\/p>\n<p><strong><b>Nous sommes fiers de proposer :<\/b><\/strong><\/p>\n<ul>\n<li>Des solutions personnalis\u00e9es pour les march\u00e9s d\u2019exportation<\/li>\n<li>Des produits certifi\u00e9s de haute qualit\u00e9 conformes aux normes europ\u00e9ennes<\/li>\n<li>Des conditions de paiement flexibles et des prix comp\u00e9titifs<\/li>\n<\/ul>\n<p>&nbsp;<\/p>\n<p>Avec une cha\u00eene d\u2019approvisionnement robuste et un stock disponible de 1 500 \u00e0 2 000 tonnes m\u00e9triques, nous garantissons des livraisons ponctuelles, m\u00eame pour les demandes urgentes.[\/vc_column_text][\/vc_column][\/vc_row][vc_row css_animation=&#8221;&#8221; row_type=&#8221;row&#8221; use_row_as_full_screen_section=&#8221;no&#8221; type=&#8221;grid&#8221; angled_section=&#8221;no&#8221; text_align=&#8221;left&#8221; background_image=&#8221;15261&#8243; background_image_as_pattern=&#8221;without_pattern&#8221; padding_top=&#8221;88&#8243; padding_bottom=&#8221;75&#8243;][vc_column width=&#8221;1\/2&#8243;][vc_separator type=&#8221;transparent&#8221; up=&#8221;0&#8243; down=&#8221;0&#8243;][vc_column_text css=&#8221;&#8221;]<strong><b>Services avanc\u00e9s de transformation<\/b><\/strong><\/p>\n<p>&nbsp;<\/p>\n<p>Notre expertise va au-del\u00e0 de l\u2019approvisionnement en produits. Gr\u00e2ce \u00e0 nos distributeurs strat\u00e9giquement situ\u00e9s, <strong><b>Eldar Metal<\/b><\/strong>\u00a0offre des capacit\u00e9s de transformation avanc\u00e9es pour r\u00e9pondre aux besoins sp\u00e9cifiques des clients exportateurs. Ces services incluent :[\/vc_column_text][vc_separator type=&#8221;small&#8221; position=&#8221;left&#8221; up=&#8221;26&#8243; down=&#8221;26&#8243;][vc_column_text css=&#8221;&#8221;]<\/p>\n<ul>\n<li><strong>Refendage et d\u00e9coupe \u00e0 longueur<\/strong><\/li>\n<li><strong>Coupe des bords et multi-d\u00e9coupe<\/strong><\/li>\n<li><strong>Conformation des m\u00e9taux (trapeze, ondul\u00e9e, cr\u00eate, embossage)<\/strong><\/li>\n<li><strong>Polissage, brossage et sablage<\/strong><\/li>\n<li><strong>Coupe des poutres structurelles et des produits longs<\/strong><\/li>\n<\/ul>\n<p>&nbsp;<\/p>\n<p>Ces services \u00e0 valeur ajout\u00e9e nous permettent de fournir des produits adapt\u00e9s aux sp\u00e9cifications exactes, soutenant ainsi le succ\u00e8s de nos clients sur des march\u00e9s comp\u00e9titifs.[\/vc_column_text][\/vc_column][vc_column width=&#8221;1\/2&#8243;][vc_single_image image=&#8221;15670&#8243; img_size=&#8221;full&#8221; alignment=&#8221;center&#8221; qode_css_animation=&#8221;element_from_fade&#8221; transition_delay=&#8221;0.4&#8243;][\/vc_column][\/vc_row][vc_row css_animation=&#8221;&#8221; row_type=&#8221;row&#8221; use_row_as_full_screen_section=&#8221;no&#8221; type=&#8221;grid&#8221; angled_section=&#8221;no&#8221; text_align=&#8221;left&#8221; background_image_as_pattern=&#8221;without_pattern&#8221; padding_top=&#8221;88&#8243; padding_bottom=&#8221;75&#8243;][vc_column width=&#8221;1\/2&#8243;][vc_single_image image=&#8221;15589&#8243; img_size=&#8221;full&#8221; alignment=&#8221;right&#8221; style=&#8221;vc_box_shadow_3d&#8221; qode_css_animation=&#8221;element_from_fade&#8221; transition_delay=&#8221;0.2&#8243;][\/vc_column][vc_column width=&#8221;1\/2&#8243;][vc_column_text css=&#8221;&#8221;]<strong><b>Port\u00e9e mondiale et approche centr\u00e9e sur le client<\/b><\/strong><\/p>\n<p>&nbsp;<\/p>\n<p>Notre mission est de devenir un exportateur leader dans l\u2019industrie du fer et de l\u2019acier en \u00e9tablissant des partenariats durables avec des clients internationaux. Nous nous concentrons sur :<\/p>\n<ul>\n<li>Des produits de haute qualit\u00e9 conformes aux normes d\u2019exportation<\/li>\n<li>Des exp\u00e9ditions ponctuelles vers n\u2019importe quelle destination mondiale<\/li>\n<li>Un support technique et un service apr\u00e8s-vente complets<\/li>\n<\/ul>\n<p>&nbsp;<\/p>\n<p>Chez <strong><b>Eldar Metal<\/b><\/strong>, nous nous distinguons par notre compr\u00e9hension approfondie des besoins sp\u00e9cifiques des march\u00e9s d\u2019exportation et par l\u2019adaptation de notre offre aux exigences locales et r\u00e9gionales.<\/p>\n<p>&nbsp;<\/p>\n<p><strong><b>Notre vision<\/b><\/strong><\/p>\n<p>&nbsp;<\/p>\n<p>Nous croyons que la qualit\u00e9 et l\u2019innovation sont les fondements du succ\u00e8s. Ce principe guide notre engagement \u00e0 fournir :<\/p>\n<ul>\n<li>Les meilleurs produits avec une production certifi\u00e9e<\/li>\n<li>Des prix comp\u00e9titifs pour garantir un excellent rapport qualit\u00e9-prix<\/li>\n<li>Des livraisons ponctuelles pour maintenir l\u2019efficacit\u00e9 de la cha\u00eene d\u2019approvisionnement<\/li>\n<\/ul>\n<p>&nbsp;<\/p>\n<p>Avec une solide exp\u00e9rience dans le commerce international, <strong><b>Eldar Metal<\/b><\/strong>\u00a0est un partenaire fiable pour les entreprises du monde entier recherchant des solutions expertes dans l\u2019industrie du fer et de l\u2019acier. Permettez-nous de vous aider \u00e0 construire des connexions plus solides et \u00e0 atteindre un plus grand succ\u00e8s sur le march\u00e9 mondial.[\/vc_column_text][\/vc_column][\/vc_row][vc_row css_animation=&#8221;&#8221; row_type=&#8221;row&#8221; use_row_as_full_screen_section=&#8221;no&#8221; type=&#8221;full_width&#8221; angled_section=&#8221;no&#8221; text_align=&#8221;left&#8221; background_image_as_pattern=&#8221;without_pattern&#8221;][\/vc_row][vc_column][\/vc_column][vc_column_text css=&#8221;&#8221;][\/vc_column_text]<\/p>\n<\/div>","protected":false},"excerpt":{"rendered":"<p>[vc_row css_animation=&#8221;&#8221; row_type=&#8221;row&#8221; use_row_as_full_screen_section=&#8221;no&#8221; type=&#8221;grid&#8221; angled_section=&#8221;no&#8221; text_align=&#8221;left&#8221; background_image_as_pattern=&#8221;without_pattern&#8221; padding_top=&#8221;88&#8243; padding_bottom=&#8221;75&#8243;][vc_column][vc_column_text css=&#8221;&#8221;]Chez Eldar Metal, nous sommes sp\u00e9cialis\u00e9s dans l\u2019exportation et le commerce mondial de produits en fer et en acier de haute qualit\u00e9. Bas\u00e9s \u00e0 Istanbul, en Turquie, nous mettons \u00e0 profit plus de 20 ans&#8230;<\/p>\n","protected":false},"author":1,"featured_media":0,"parent":0,"menu_order":0,"comment_status":"closed","ping_status":"closed","template":"full_width.php","meta":{"_joinchat":[],"footnotes":""},"class_list":["post-15336","page","type-page","status-publish","hentry"],"translation":{"provider":"WPGlobus","version":"2.12.2","language":"fr","enabled_languages":["en","es","de","fr","ru","tr"],"languages":{"en":{"title":true,"content":true,"excerpt":false},"es":{"title":false,"content":true,"excerpt":false},"de":{"title":false,"content":true,"excerpt":false},"fr":{"title":false,"content":true,"excerpt":false},"ru":{"title":false,"content":true,"excerpt":false},"tr":{"title":false,"content":true,"excerpt":false}}},"_links":{"self":[{"href":"https:\/\/eldarmetal.com\/fr\/wp-json\/wp\/v2\/pages\/15336","targetHints":{"allow":["GET"]}}],"collection":[{"href":"https:\/\/eldarmetal.com\/fr\/wp-json\/wp\/v2\/pages"}],"about":[{"href":"https:\/\/eldarmetal.com\/fr\/wp-json\/wp\/v2\/types\/page"}],"author":[{"embeddable":true,"href":"https:\/\/eldarmetal.com\/fr\/wp-json\/wp\/v2\/users\/1"}],"replies":[{"embeddable":true,"href":"https:\/\/eldarmetal.com\/fr\/wp-json\/wp\/v2\/comments?post=15336"}],"version-history":[{"count":65,"href":"https:\/\/eldarmetal.com\/fr\/wp-json\/wp\/v2\/pages\/15336\/revisions"}],"predecessor-version":[{"id":15972,"href":"https:\/\/eldarmetal.com\/fr\/wp-json\/wp\/v2\/pages\/15336\/revisions\/15972"}],"wp:attachment":[{"href":"https:\/\/eldarmetal.com\/fr\/wp-json\/wp\/v2\/media?parent=15336"}],"curies":[{"name":"wp","href":"https:\/\/api.w.org\/{rel}","templated":true}]}}