{"id":15556,"date":"2021-10-26T17:21:57","date_gmt":"2021-10-26T17:21:57","guid":{"rendered":"https:\/\/eldarmetal.com\/?page_id=15556"},"modified":"2025-01-14T15:32:52","modified_gmt":"2025-01-14T15:32:52","slug":"non-steel-products","status":"publish","type":"page","link":"https:\/\/eldarmetal.com\/es\/non-steel-products\/","title":{"rendered":"NON-STEEL PRODUCTS"},"content":{"rendered":"<div class=\"wpb-content-wrapper\"><p>[vc_row css_animation=\u00bb\u00bb row_type=\u00bbrow\u00bb use_row_as_full_screen_section=\u00bbno\u00bb type=\u00bbfull_width\u00bb angled_section=\u00bbno\u00bb text_align=\u00bbleft\u00bb background_image_as_pattern=\u00bbwithout_pattern\u00bb][vc_column][vc_empty_space height=\u00bb50px\u00bb][\/vc_column][\/vc_row][vc_row css_animation=\u00bb\u00bb row_type=\u00bbrow\u00bb use_row_as_full_screen_section=\u00bbno\u00bb type=\u00bbgrid\u00bb angled_section=\u00bbno\u00bb text_align=\u00bbleft\u00bb background_image_as_pattern=\u00bbwithout_pattern\u00bb z_index=\u00bb\u00bb][vc_column][vc_column_text css=\u00bb\u00bb]<\/p>\n<h3 style=\"text-align: left;\">En Eldar Metal, sostenemos la creencia de que las necesidades de nuestros clientes son la base de nuestro \u00e9xito.<\/h3>\n<p>[\/vc_column_text][vc_empty_space][\/vc_column][\/vc_row][vc_row css_animation=\u00bb\u00bb row_type=\u00bbrow\u00bb use_row_as_full_screen_section=\u00bbno\u00bb type=\u00bbgrid\u00bb angled_section=\u00bbno\u00bb text_align=\u00bbleft\u00bb background_image_as_pattern=\u00bbwithout_pattern\u00bb z_index=\u00bb\u00bb][vc_column][vc_column_text css=\u00bb\u00bb]Con un compromiso inquebrantable con la excelencia, no nos limitamos a cumplir con las expectativas de nuestros clientes: nos esforzamos por superarlas. Aunque nuestra experiencia principal radica en los productos de acero, tambi\u00e9n somos expertos en ofrecer una amplia gama de materiales no relacionados con el acero, garantizando que nuestros clientes tengan acceso a una soluci\u00f3n integral bajo un mismo techo.<\/p>\n<p>&nbsp;<\/p>\n<p><strong><b>Nuestra Amplia Gama de Productos<\/b><\/strong><\/p>\n<p>&nbsp;<\/p>\n<p><strong><b>Maquinaria Industrial<\/b><\/strong><\/p>\n<p>&nbsp;<\/p>\n<p>Ofrecemos soluciones de maquinaria de vanguardia adaptadas a las exigencias de la industria moderna. Entre nuestras opciones se incluyen:<\/p>\n<p>&nbsp;<\/p>\n<ul>\n<li><strong><b>L\u00edneas de Corte a Medida:<\/b><\/strong>Equipos de corte de precisi\u00f3n para transformar bobinas de acero en hojas de longitudes exactas.<\/li>\n<li><strong><b>L\u00edneas de Corte Longitudinal:<\/b><\/strong>M\u00e1quinas de alto rendimiento dise\u00f1adas para cortar bobinas de acero anchas en tiras m\u00e1s estrechas.<\/li>\n<li><strong><b>L\u00edneas de Tubos ERW:<\/b><\/strong>Molinos avanzados de soldadura por resistencia el\u00e9ctrica para la producci\u00f3n de tubos de acero de alta calidad.<\/li>\n<li><strong><b>L\u00edneas de Hojas Trapezoidales y Corrugadas:<\/b><\/strong>Maquinaria especializada para la fabricaci\u00f3n de l\u00e1minas resistentes para techos y revestimientos.<\/li>\n<\/ul>\n<p>&nbsp;<\/p>\n<p><strong><b>Productos Alimenticios<\/b><\/strong><\/p>\n<p>&nbsp;<\/p>\n<p>Eldar Metal ofrece una amplia variedad de productos alimenticios de alta calidad para satisfacer diversas necesidades culinarias:<\/p>\n<p>&nbsp;<\/p>\n<ul>\n<li><strong><b>Cereales y B\u00e1sicos:<\/b><\/strong>Trigo, arroz y harina premium, provenientes de productores confiables.<\/li>\n<li><strong><b>Esenciales para Cocinar:<\/b><\/strong>Una rica selecci\u00f3n de especias y aceites de cocina para mejorar cualquier cocina.<\/li>\n<li><strong><b>Alimentos Empacados:<\/b><\/strong>Opciones convenientes y deliciosas como pasta, chocolates, caramelos, galletas y m\u00e1s.<\/li>\n<li><strong><b>Bebidas:<\/b><\/strong>Jugos frescos y sabrosos para complementar cualquier comida.<\/li>\n<\/ul>\n<p>&nbsp;<\/p>\n<p><strong><b>Materiales de Construcci\u00f3n e Infraestructura<\/b><\/strong><\/p>\n<p>&nbsp;<\/p>\n<p>Apoyamos el desarrollo de infraestructuras con una s\u00f3lida selecci\u00f3n de materiales de construcci\u00f3n, tales como:<\/p>\n<p>&nbsp;<\/p>\n<ul>\n<li><strong><b>Contrachapado:<\/b><\/strong>Productos de madera vers\u00e1tiles para usos estructurales y decorativos.<\/li>\n<li><strong><b>Tuber\u00edas de Pl\u00e1stico:<\/b><\/strong>Soluciones de tuber\u00edas duraderas para agua, drenaje y otros sistemas.<\/li>\n<li><strong><b>Cer\u00e1micas y Azulejos:<\/b><\/strong>Productos de alta calidad para pisos, paredes y acabados decorativos.<\/li>\n<li><strong><b>M\u00e1rmoles:<\/b><\/strong>Piedra natural elegante y resistente para proyectos de lujo.<\/li>\n<li><strong><b>Componentes Estructurales:<\/b><\/strong>Ladrillos y otros materiales esenciales confiables.<\/li>\n<li><strong><b>Aglutinantes:<\/b><\/strong>Cemento y yeso de grado superior para necesidades de construcci\u00f3n.<\/li>\n<\/ul>\n<p>&nbsp;<\/p>\n<p><strong><b>Art\u00edculos para el Hogar<\/b><\/strong><\/p>\n<p>&nbsp;<\/p>\n<p>Atendemos las necesidades diarias del hogar con una diversa l\u00ednea de productos, que incluye:<\/p>\n<p>&nbsp;<\/p>\n<ul>\n<li>Alfombras elegantes y pr\u00e1cticas para el hogar o la oficina.<\/li>\n<li>Sillas de pl\u00e1stico ligeras pero resistentes.<\/li>\n<li>Contenedores de basura duraderos en varios tama\u00f1os y dise\u00f1os.<\/li>\n<li>Equipaje de alta calidad para soluciones de viaje y almacenamiento.<\/li>\n<\/ul>\n<p>&nbsp;<\/p>\n<p><strong><b>Productos Textiles<\/b><\/strong><\/p>\n<p>&nbsp;<\/p>\n<p>Nuestra oferta textil incluye:<\/p>\n<p>&nbsp;<\/p>\n<ul>\n<li><strong><b>Ropa:<\/b><\/strong>Prendas c\u00f3modas y con estilo para todas las estaciones.<\/li>\n<li><strong><b>Textiles para el Hogar:<\/b><\/strong>Ropa de cama de lujo, cortinas y otros esenciales para el hogar.<\/li>\n<\/ul>\n<p>&nbsp;<\/p>\n<p><strong><b>Herramientas y Accesorios<\/b><\/strong><\/p>\n<p>&nbsp;<\/p>\n<p>Eldar Metal suministra herramientas manuales confiables y piezas de repuesto para apoyar a industrias, talleres y hogares.<\/p>\n<p>&nbsp;<\/p>\n<p><strong><b>Cristaler\u00eda<\/b><\/strong><\/p>\n<p>&nbsp;<\/p>\n<p>Desde decorativa hasta funcional, nuestra gama de cristaler\u00eda satisface las demandas tanto de clientes residenciales como comerciales.<\/p>\n<p>&nbsp;<\/p>\n<p><strong><b>Servicios de Valor Agregado: Combinando Eficiencia con Ahorro de Costos<\/b><\/strong><\/p>\n<p>&nbsp;<\/p>\n<p>En Eldar Metal, entendemos los desaf\u00edos de gestionar los costos de transporte. Por ello, ofrecemos la capacidad \u00fanica de combinar m\u00faltiples tipos de productos, incluidos materiales de acero y no acero, dentro del mismo contenedor. Este enfoque no solo optimiza su proceso de adquisici\u00f3n, sino que tambi\u00e9n reduce significativamente los gastos de env\u00edo.<\/p>\n<p>&nbsp;<\/p>\n<p><strong><b>Nuestra Promesa para Usted<\/b><\/strong><\/p>\n<p>&nbsp;<\/p>\n<p>Nos enorgullece ofrecer m\u00e1s que solo productos: proporcionamos soluciones adaptadas a sus necesidades \u00fanicas. Al enfocarnos en la calidad, la confiabilidad y la satisfacci\u00f3n del cliente, nos destacamos como un socio de confianza en el comercio global.<\/p>\n<p>&nbsp;<\/p>\n<p>Ya sea que necesite un solo producto o una combinaci\u00f3n compleja de materiales, nuestro equipo dedicado trabaja incansablemente para garantizar entregas puntuales, calidad excepcional y un servicio incomparable.<\/p>\n<p>&nbsp;<\/p>\n<p><strong><b>Eldar Metal no es solo un proveedor; somos su socio en el \u00e9xito, comprometidos a ayudarle a alcanzar sus objetivos comerciales con confianza y facilidad.<\/b><\/strong>[\/vc_column_text][\/vc_column][\/vc_row][vc_row css_animation=\u00bb\u00bb row_type=\u00bbrow\u00bb use_row_as_full_screen_section=\u00bbno\u00bb type=\u00bbfull_width\u00bb angled_section=\u00bbno\u00bb text_align=\u00bbleft\u00bb background_image_as_pattern=\u00bbwithout_pattern\u00bb][vc_column][vc_empty_space][\/vc_column][\/vc_row][vc_row css_animation=\u00bb\u00bb row_type=\u00bbrow\u00bb use_row_as_full_screen_section=\u00bbno\u00bb type=\u00bbfull_width\u00bb angled_section=\u00bbno\u00bb text_align=\u00bbleft\u00bb background_image_as_pattern=\u00bbwithout_pattern\u00bb][vc_column][vc_single_image image=\u00bb15692&#8243; img_size=\u00bblarge\u00bb alignment=\u00bbcenter\u00bb style=\u00bbvc_box_shadow_3d\u00bb qode_css_animation=\u00bb\u00bb][\/vc_column][\/vc_row][vc_row css_animation=\u00bb\u00bb row_type=\u00bbrow\u00bb use_row_as_full_screen_section=\u00bbno\u00bb type=\u00bbfull_width\u00bb angled_section=\u00bbno\u00bb text_align=\u00bbleft\u00bb background_image_as_pattern=\u00bbwithout_pattern\u00bb][vc_column][vc_empty_space height=\u00bb60px\u00bb][\/vc_column][\/vc_row]<\/p>\n<\/div>","protected":false},"excerpt":{"rendered":"<p>[vc_row css_animation=\u00bb\u00bb row_type=\u00bbrow\u00bb use_row_as_full_screen_section=\u00bbno\u00bb type=\u00bbfull_width\u00bb angled_section=\u00bbno\u00bb text_align=\u00bbleft\u00bb background_image_as_pattern=\u00bbwithout_pattern\u00bb][vc_column][vc_empty_space height=\u00bb50px\u00bb][\/vc_column][\/vc_row][vc_row css_animation=\u00bb\u00bb row_type=\u00bbrow\u00bb use_row_as_full_screen_section=\u00bbno\u00bb type=\u00bbgrid\u00bb angled_section=\u00bbno\u00bb text_align=\u00bbleft\u00bb background_image_as_pattern=\u00bbwithout_pattern\u00bb z_index=\u00bb\u00bb][vc_column][vc_column_text css=\u00bb\u00bb] En Eldar Metal, sostenemos la creencia de que las necesidades de nuestros clientes son la base de nuestro \u00e9xito. [\/vc_column_text][vc_empty_space][\/vc_column][\/vc_row][vc_row css_animation=\u00bb\u00bb row_type=\u00bbrow\u00bb use_row_as_full_screen_section=\u00bbno\u00bb type=\u00bbgrid\u00bb angled_section=\u00bbno\u00bb text_align=\u00bbleft\u00bb background_image_as_pattern=\u00bbwithout_pattern\u00bb&#8230;<\/p>\n","protected":false},"author":1,"featured_media":0,"parent":0,"menu_order":0,"comment_status":"closed","ping_status":"closed","template":"full_width.php","meta":{"_joinchat":[],"footnotes":""},"class_list":["post-15556","page","type-page","status-publish","hentry"],"translation":{"provider":"WPGlobus","version":"2.12.2","language":"es","enabled_languages":["en","es","de","fr","ru","tr"],"languages":{"en":{"title":true,"content":true,"excerpt":false},"es":{"title":false,"content":true,"excerpt":false},"de":{"title":false,"content":true,"excerpt":false},"fr":{"title":false,"content":true,"excerpt":false},"ru":{"title":false,"content":true,"excerpt":false},"tr":{"title":false,"content":true,"excerpt":false}}},"_links":{"self":[{"href":"https:\/\/eldarmetal.com\/es\/wp-json\/wp\/v2\/pages\/15556","targetHints":{"allow":["GET"]}}],"collection":[{"href":"https:\/\/eldarmetal.com\/es\/wp-json\/wp\/v2\/pages"}],"about":[{"href":"https:\/\/eldarmetal.com\/es\/wp-json\/wp\/v2\/types\/page"}],"author":[{"embeddable":true,"href":"https:\/\/eldarmetal.com\/es\/wp-json\/wp\/v2\/users\/1"}],"replies":[{"embeddable":true,"href":"https:\/\/eldarmetal.com\/es\/wp-json\/wp\/v2\/comments?post=15556"}],"version-history":[{"count":38,"href":"https:\/\/eldarmetal.com\/es\/wp-json\/wp\/v2\/pages\/15556\/revisions"}],"predecessor-version":[{"id":15986,"href":"https:\/\/eldarmetal.com\/es\/wp-json\/wp\/v2\/pages\/15556\/revisions\/15986"}],"wp:attachment":[{"href":"https:\/\/eldarmetal.com\/es\/wp-json\/wp\/v2\/media?parent=15556"}],"curies":[{"name":"wp","href":"https:\/\/api.w.org\/{rel}","templated":true}]}}