{"id":15336,"date":"2015-04-30T10:35:21","date_gmt":"2015-04-30T10:35:21","guid":{"rendered":"http:\/\/demo.qodeinteractive.com\/bridge81\/?page_id=15336"},"modified":"2025-01-14T10:09:21","modified_gmt":"2025-01-14T10:09:21","slug":"aboutus","status":"publish","type":"page","link":"https:\/\/eldarmetal.com\/es\/aboutus\/","title":{"rendered":"About Us"},"content":{"rendered":"<div class=\"wpb-content-wrapper\"><p>[vc_row css_animation=\u00bb\u00bb row_type=\u00bbrow\u00bb use_row_as_full_screen_section=\u00bbno\u00bb type=\u00bbgrid\u00bb angled_section=\u00bbno\u00bb text_align=\u00bbleft\u00bb background_image_as_pattern=\u00bbwithout_pattern\u00bb padding_top=\u00bb88&#8243; padding_bottom=\u00bb75&#8243;][vc_column][vc_column_text css=\u00bb\u00bb]En <strong><b>Eldar Metal<\/b><\/strong>, nos especializamos en la exportaci\u00f3n y el comercio global de productos de hierro y acero de alta calidad. Con sede en Estambul, Turqu\u00eda, contamos con m\u00e1s de 20 a\u00f1os de experiencia en la industria para apoyar a empresas en todo el mundo.<\/p>\n<p>&nbsp;<\/p>\n<p><strong><b>Nuestra gama de productos<\/b><\/strong>\u00a0abarca desde materias primas como palanquillas y planchones hasta productos de acero terminados, todos ellos provenientes de fabricantes de confianza. Ya sea que necesite soluciones personalizadas o productos est\u00e1ndar, <strong><b>Eldar Metal<\/b><\/strong>\u00a0garantiza calidad, confiabilidad y precios competitivos.<\/p>\n<p>&nbsp;<\/p>\n<p><strong><b>Experiencia en Exportaci\u00f3n de Hierro y Acero<\/b><\/strong><\/p>\n<p>&nbsp;<\/p>\n<p>En <strong><b>Eldar Metal<\/b><\/strong>, nos destacamos en la exportaci\u00f3n de una amplia gama de productos de acero, desde materias primas como palanquillas y planchones, hasta bienes terminados como barras de refuerzo, alambr\u00f3n, bobinas y l\u00e1minas de acero, perfiles y tuber\u00edas. Nuestro portafolio incluye m\u00e1s de 250 tipos de productos de acero que cumplen con est\u00e1ndares globales, incluidos ASTM, BS, GOST, JIS, DIN y DSTU.<\/p>\n<p>&nbsp;<\/p>\n<p>Nos enorgullecemos de ofrecer:<\/p>\n<ul>\n<li>Soluciones personalizadas para mercados de exportaci\u00f3n<\/li>\n<li>Productos certificados de alta calidad que cumplen con las normativas europeas<\/li>\n<li>Condiciones de pago flexibles y precios competitivos<\/li>\n<\/ul>\n<p>&nbsp;<\/p>\n<p>Con una cadena de suministro s\u00f3lida y un inventario disponible de 1,500 a 2,000 toneladas m\u00e9tricas, aseguramos entregas puntuales, incluso para pedidos urgentes.[\/vc_column_text][\/vc_column][\/vc_row][vc_row css_animation=\u00bb\u00bb row_type=\u00bbrow\u00bb use_row_as_full_screen_section=\u00bbno\u00bb type=\u00bbgrid\u00bb angled_section=\u00bbno\u00bb text_align=\u00bbleft\u00bb background_image=\u00bb15261&#8243; background_image_as_pattern=\u00bbwithout_pattern\u00bb padding_top=\u00bb88&#8243; padding_bottom=\u00bb75&#8243;][vc_column width=\u00bb1\/2&#8243;][vc_separator type=\u00bbtransparent\u00bb up=\u00bb0&#8243; down=\u00bb0&#8243;][vc_column_text css=\u00bb\u00bb]<strong><b>Servicios Avanzados de Procesamiento<\/b><\/strong><\/p>\n<p>&nbsp;<\/p>\n<p>Nuestra experiencia va m\u00e1s all\u00e1 del suministro de productos. A trav\u00e9s de nuestros distribuidores estrat\u00e9gicamente ubicados, <strong><b>Eldar Metal<\/b><\/strong>\u00a0ofrece capacidades avanzadas de procesamiento para satisfacer las necesidades espec\u00edficas de los clientes de exportaci\u00f3n. Estos servicios incluyen:[\/vc_column_text][vc_separator type=\u00bbsmall\u00bb position=\u00bbleft\u00bb up=\u00bb26&#8243; down=\u00bb26&#8243;][vc_column_text css=\u00bb\u00bb]<\/p>\n<ul>\n<li><strong>Corte y rebobinado a medida<\/strong><\/li>\n<li><strong>Recorte de bordes y multiblanking<\/strong><\/li>\n<li><strong>Conformado de metales (trapezoidal, corrugado, arista, grabado)<\/strong><\/li>\n<li><strong>Pulido, cepillado y arenado<\/strong><\/li>\n<li><strong>Corte de vigas estructurales y productos largos<\/strong><\/li>\n<\/ul>\n<p>&nbsp;<\/p>\n<p>Estos servicios de valor agregado nos permiten entregar productos adaptados a especificaciones exactas, apoyando el \u00e9xito de nuestros clientes en mercados competitivos.[\/vc_column_text][\/vc_column][vc_column width=\u00bb1\/2&#8243;][vc_single_image image=\u00bb15670&#8243; img_size=\u00bbfull\u00bb alignment=\u00bbcenter\u00bb qode_css_animation=\u00bbelement_from_fade\u00bb transition_delay=\u00bb0.4&#8243;][\/vc_column][\/vc_row][vc_row css_animation=\u00bb\u00bb row_type=\u00bbrow\u00bb use_row_as_full_screen_section=\u00bbno\u00bb type=\u00bbgrid\u00bb angled_section=\u00bbno\u00bb text_align=\u00bbleft\u00bb background_image_as_pattern=\u00bbwithout_pattern\u00bb padding_top=\u00bb88&#8243; padding_bottom=\u00bb75&#8243;][vc_column width=\u00bb1\/2&#8243;][vc_single_image image=\u00bb15589&#8243; img_size=\u00bbfull\u00bb alignment=\u00bbright\u00bb style=\u00bbvc_box_shadow_3d\u00bb qode_css_animation=\u00bbelement_from_fade\u00bb transition_delay=\u00bb0.2&#8243;][\/vc_column][vc_column width=\u00bb1\/2&#8243;][vc_column_text css=\u00bb\u00bb]<strong><b>Alcance Global, Enfoque en el Cliente<\/b><\/strong><\/p>\n<p>&nbsp;<\/p>\n<p>Nuestra misi\u00f3n es convertirnos en un exportador l\u00edder en la industria del hierro y el acero, construyendo relaciones duraderas con clientes internacionales. Nos enfocamos en ofrecer:<\/p>\n<ul>\n<li>Productos de alta calidad que cumplen con los est\u00e1ndares de exportaci\u00f3n<\/li>\n<li>Env\u00edos puntuales a cualquier destino global<\/li>\n<li>Soporte t\u00e9cnico y postventa integral<\/li>\n<\/ul>\n<p>&nbsp;<\/p>\n<p>En <strong><b>Eldar Metal<\/b><\/strong>, nos diferenciamos por comprender completamente las necesidades espec\u00edficas de los mercados de exportaci\u00f3n y alinear nuestra oferta con los requisitos locales y regionales.<\/p>\n<p>&nbsp;<\/p>\n<p><strong><b>Nuestra Visi\u00f3n<\/b><\/strong><\/p>\n<p>&nbsp;<\/p>\n<p>Creemos que la calidad y la innovaci\u00f3n son la base del \u00e9xito. Este principio impulsa nuestro compromiso de ofrecer:<\/p>\n<ul>\n<li>Los mejores productos con producci\u00f3n certificada<\/li>\n<li>Precios competitivos que garantizan un excelente valor<\/li>\n<li>Entregas a tiempo para mantener la eficiencia en la cadena de suministro<\/li>\n<\/ul>\n<p>&nbsp;<\/p>\n<p>Con un historial comprobado en el comercio internacional, <strong><b>Eldar Metal<\/b><\/strong>\u00a0es un socio confiable para empresas de todo el mundo que buscan soluciones expertas en la industria del hierro y el acero. Perm\u00edtanos ayudarle a construir conexiones m\u00e1s fuertes y alcanzar un mayor \u00e9xito en el mercado global.[\/vc_column_text][\/vc_column][\/vc_row][vc_row css_animation=\u00bb\u00bb row_type=\u00bbrow\u00bb use_row_as_full_screen_section=\u00bbno\u00bb type=\u00bbfull_width\u00bb angled_section=\u00bbno\u00bb text_align=\u00bbleft\u00bb background_image_as_pattern=\u00bbwithout_pattern\u00bb][\/vc_row][vc_column][\/vc_column][vc_column_text css=\u00bb\u00bb][\/vc_column_text]<\/p>\n<\/div>","protected":false},"excerpt":{"rendered":"<p>[vc_row css_animation=\u00bb\u00bb row_type=\u00bbrow\u00bb use_row_as_full_screen_section=\u00bbno\u00bb type=\u00bbgrid\u00bb angled_section=\u00bbno\u00bb text_align=\u00bbleft\u00bb background_image_as_pattern=\u00bbwithout_pattern\u00bb padding_top=\u00bb88&#8243; padding_bottom=\u00bb75&#8243;][vc_column][vc_column_text css=\u00bb\u00bb]En Eldar Metal, nos especializamos en la exportaci\u00f3n y el comercio global de productos de hierro y acero de alta calidad. Con sede en Estambul, Turqu\u00eda, contamos con m\u00e1s de 20 a\u00f1os de experiencia en&#8230;<\/p>\n","protected":false},"author":1,"featured_media":0,"parent":0,"menu_order":0,"comment_status":"closed","ping_status":"closed","template":"full_width.php","meta":{"_joinchat":[],"footnotes":""},"class_list":["post-15336","page","type-page","status-publish","hentry"],"translation":{"provider":"WPGlobus","version":"2.12.2","language":"es","enabled_languages":["en","es","de","fr","ru","tr"],"languages":{"en":{"title":true,"content":true,"excerpt":false},"es":{"title":false,"content":true,"excerpt":false},"de":{"title":false,"content":true,"excerpt":false},"fr":{"title":false,"content":true,"excerpt":false},"ru":{"title":false,"content":true,"excerpt":false},"tr":{"title":false,"content":true,"excerpt":false}}},"_links":{"self":[{"href":"https:\/\/eldarmetal.com\/es\/wp-json\/wp\/v2\/pages\/15336","targetHints":{"allow":["GET"]}}],"collection":[{"href":"https:\/\/eldarmetal.com\/es\/wp-json\/wp\/v2\/pages"}],"about":[{"href":"https:\/\/eldarmetal.com\/es\/wp-json\/wp\/v2\/types\/page"}],"author":[{"embeddable":true,"href":"https:\/\/eldarmetal.com\/es\/wp-json\/wp\/v2\/users\/1"}],"replies":[{"embeddable":true,"href":"https:\/\/eldarmetal.com\/es\/wp-json\/wp\/v2\/comments?post=15336"}],"version-history":[{"count":65,"href":"https:\/\/eldarmetal.com\/es\/wp-json\/wp\/v2\/pages\/15336\/revisions"}],"predecessor-version":[{"id":15972,"href":"https:\/\/eldarmetal.com\/es\/wp-json\/wp\/v2\/pages\/15336\/revisions\/15972"}],"wp:attachment":[{"href":"https:\/\/eldarmetal.com\/es\/wp-json\/wp\/v2\/media?parent=15336"}],"curies":[{"name":"wp","href":"https:\/\/api.w.org\/{rel}","templated":true}]}}