{"id":14869,"date":"2014-05-20T07:51:11","date_gmt":"2014-05-20T07:51:11","guid":{"rendered":"http:\/\/demo.qodeinteractive.com\/bridge81\/?page_id=14869"},"modified":"2025-01-14T12:31:08","modified_gmt":"2025-01-14T12:31:08","slug":"home","status":"publish","type":"page","link":"https:\/\/eldarmetal.com\/es\/","title":{"rendered":"Home"},"content":{"rendered":"<div class=\"wpb-content-wrapper\"><p>[vc_row css_animation=\u00bb\u00bb row_type=\u00bbrow\u00bb use_row_as_full_screen_section=\u00bbno\u00bb type=\u00bbgrid\u00bb angled_section=\u00bbno\u00bb text_align=\u00bbleft\u00bb background_image_as_pattern=\u00bbwithout_pattern\u00bb background_color=\u00bb#f1f3f4&#8243; padding_top=\u00bb29&#8243; padding_bottom=\u00bb6&#8243;][vc_column width=\u00bb1\/2&#8243;][vc_separator type=\u00bbtransparent\u00bb up=\u00bb7&#8243; down=\u00bb0&#8243;]<a  itemprop=\"url\" href=\"https:\/\/eldarmetal.com\/wp-content\/uploads\/2025\/01\/Eldar-Metal-Katalog.pdf\" target=\"_blank\"  class=\"qbutton  large default\" style=\"\">CAT\u00c1LOGO ELECTR\u00d3NICO DE ELDAR METAL<i class=\"qode_icon_font_awesome fa fa-briefcase qode_button_icon_element\" style=\"color: #ffffff;\" ><\/i><\/a>[vc_separator type=\u00bbtransparent\u00bb up=\u00bb7&#8243; down=\u00bb0&#8243;][\/vc_column][vc_column width=\u00bb1\/2&#8243;]\n<div class=\"wpcf7 no-js\" id=\"wpcf7-f15280-o1\" lang=\"en-US\" dir=\"ltr\" data-wpcf7-id=\"15280\">\n<div class=\"screen-reader-response\"><p role=\"status\" aria-live=\"polite\" aria-atomic=\"true\"><\/p> <ul><\/ul><\/div>\n<form action=\"\/es\/wp-json\/wp\/v2\/pages\/14869#wpcf7-f15280-o1\" method=\"post\" class=\"wpcf7-form init cf7_custom_style_1\" aria-label=\"Contact form\" novalidate=\"novalidate\" data-status=\"init\">\n<div style=\"display: none;\">\n<input type=\"hidden\" name=\"_wpcf7\" value=\"15280\" \/>\n<input type=\"hidden\" name=\"_wpcf7_version\" value=\"6.0.6\" \/>\n<input type=\"hidden\" name=\"_wpcf7_locale\" value=\"en_US\" \/>\n<input type=\"hidden\" name=\"_wpcf7_unit_tag\" value=\"wpcf7-f15280-o1\" \/>\n<input type=\"hidden\" name=\"_wpcf7_container_post\" value=\"0\" \/>\n<input type=\"hidden\" name=\"_wpcf7_posted_data_hash\" value=\"\" \/>\n<\/div>\n<div class=\"two_columns_form_with_space clearfix\">\n\t<div class=\"column_left\">\n\t\t<p><span class=\"wpcf7-form-control-wrap\" data-name=\"email\"><input size=\"40\" maxlength=\"400\" class=\"wpcf7-form-control wpcf7-email wpcf7-validates-as-required wpcf7-text wpcf7-validates-as-email\" aria-required=\"true\" aria-invalid=\"false\" placeholder=\"Subscribe for more updates\" value=\"\" type=\"email\" name=\"email\" \/><\/span>\n\t\t<\/p>\n\t<\/div>\n\t<div class=\"column_right\">\n\t\t<p><input class=\"wpcf7-form-control wpcf7-submit has-spinner\" type=\"submit\" value=\"Subscribe\" \/>\n\t\t<\/p>\n\t<\/div>\n<\/div><div class=\"wpcf7-response-output\" aria-hidden=\"true\"><\/div>\n<\/form>\n<\/div>\n[\/vc_column][\/vc_row][vc_row css_animation=\u00bb\u00bb row_type=\u00bbrow\u00bb use_row_as_full_screen_section=\u00bbno\u00bb type=\u00bbgrid\u00bb angled_section=\u00bbno\u00bb text_align=\u00bbcenter\u00bb background_image_as_pattern=\u00bbwithout_pattern\u00bb padding_top=\u00bb84&#8243; padding_bottom=\u00bb30&#8243;][vc_column][vc_column_text]<\/p>\n<h2>PRODUCTOS DE ACERO<\/h2>\n<p>[\/vc_column_text][vc_separator type=\u00bbsmall\u00bb position=\u00bbcenter\u00bb color=\u00bb#1b75bc\u00bb][\/vc_column][\/vc_row][vc_row css_animation=\u00bb\u00bb row_type=\u00bbrow\u00bb use_row_as_full_screen_section=\u00bbno\u00bb type=\u00bbgrid\u00bb angled_section=\u00bbno\u00bb text_align=\u00bbcenter\u00bb background_image_as_pattern=\u00bbwithout_pattern\u00bb padding_bottom=\u00bb56&#8243;][vc_column width=\u00bb1\/4&#8243;][vc_single_image image=\u00bb15507&#8243; img_size=\u00bbfull\u00bb alignment=\u00bbcenter\u00bb onclick=\u00bbcustom_link\u00bb qode_css_animation=\u00bbelement_from_fade\u00bb transition_delay=\u00bb0.2&#8243; qode_hover_animation=\u00bbzoom_in\u00bb link=\u00bbhttps:\/\/eldarmetal.com\/long-steel\/\u00bb][vc_separator type=\u00bbtransparent\u00bb up=\u00bb22&#8243; down=\u00bb0&#8243;][vc_column_text]<\/p>\n<h3><a href=\"https:\/\/eldarmetal.com\/long-steel\/\">Acero largo<\/a><\/h3>\n<p>[\/vc_column_text][vc_separator type=\u00bbtransparent\u00bb up=\u00bb17&#8243; down=\u00bb0&#8243;][vc_column_text]<\/p>\n<h6>Los productos largos se utilizan normalmente en el sector de la construcci\u00f3n y en proyectos de infraestructura.<\/h6>\n<p>[\/vc_column_text][vc_separator type=\u00bbtransparent\u00bb up=\u00bb30&#8243; down=\u00bb0&#8243;][\/vc_column][vc_column width=\u00bb1\/4&#8243;][vc_single_image image=\u00bb15509&#8243; img_size=\u00bbfull\u00bb alignment=\u00bbcenter\u00bb onclick=\u00bbcustom_link\u00bb qode_css_animation=\u00bbelement_from_fade\u00bb transition_delay=\u00bb0.3&#8243; qode_hover_animation=\u00bbzoom_in\u00bb link=\u00bbhttps:\/\/eldarmetal.com\/flat-steel\/\u00bb][vc_separator type=\u00bbtransparent\u00bb up=\u00bb22&#8243; down=\u00bb0&#8243;][vc_column_text]<\/p>\n<h3><a href=\"https:\/\/eldarmetal.com\/flat-steel\/\">Acero Plano<\/a><\/h3>\n<p>[\/vc_column_text][vc_separator type=\u00bbtransparent\u00bb up=\u00bb17&#8243; down=\u00bb0&#8243;][vc_column_text]<\/p>\n<h6>Los productos planos se utilizan com\u00fanmente en industrias como la automoci\u00f3n, los electrodom\u00e9sticos, la construcci\u00f3n naval y la construcci\u00f3n.<\/h6>\n<p>[\/vc_column_text][vc_separator type=\u00bbtransparent\u00bb up=\u00bb30&#8243; down=\u00bb0&#8243;][\/vc_column][vc_column width=\u00bb1\/4&#8243;][vc_single_image image=\u00bb15508&#8243; img_size=\u00bbfull\u00bb alignment=\u00bbcenter\u00bb onclick=\u00bbcustom_link\u00bb qode_css_animation=\u00bbelement_from_fade\u00bb transition_delay=\u00bb0.4&#8243; qode_hover_animation=\u00bbzoom_in\u00bb link=\u00bbhttps:\/\/eldarmetal.com\/tubular-steel\/\u00bb][vc_separator type=\u00bbtransparent\u00bb up=\u00bb22&#8243; down=\u00bb0&#8243;][vc_column_text]<\/p>\n<h3><a href=\"https:\/\/eldarmetal.com\/tubular-steel\/\">Acero Tubular<\/a><\/h3>\n<p>[\/vc_column_text][vc_separator type=\u00bbtransparent\u00bb up=\u00bb17&#8243; down=\u00bb0&#8243;][vc_column_text]<\/p>\n<h6>Los tubos y perfiles de acero se utilizan en aplicaciones industriales, construcci\u00f3n, andamios, transporte de agua, gases, etc.<\/h6>\n<p>[\/vc_column_text][vc_separator type=\u00bbtransparent\u00bb up=\u00bb30&#8243; down=\u00bb0&#8243;][\/vc_column][vc_column width=\u00bb1\/4&#8243;][vc_single_image image=\u00bb15631&#8243; img_size=\u00bbfull\u00bb alignment=\u00bbcenter\u00bb onclick=\u00bbcustom_link\u00bb qode_css_animation=\u00bbelement_from_fade\u00bb transition_delay=\u00bb0.5&#8243; qode_hover_animation=\u00bbzoom_in\u00bb link=\u00bbhttps:\/\/eldarmetal.com\/semi-finished-steel\/\u00bb][vc_separator type=\u00bbtransparent\u00bb up=\u00bb22&#8243; down=\u00bb0&#8243;][vc_column_text]<\/p>\n<h3><a href=\"https:\/\/eldarmetal.com\/semi-finished-steel\/\">Acero semiacabado<\/a><\/h3>\n<p>[\/vc_column_text][vc_separator type=\u00bbtransparent\u00bb up=\u00bb17&#8243; down=\u00bb0&#8243;][vc_column_text]<\/p>\n<h6>Todos los productos de acero se fabrican utilizando materiales de acero semiacabados, ya que pueden adoptar una amplia gama de formas.<\/h6>\n<p>[\/vc_column_text][vc_separator type=\u00bbtransparent\u00bb up=\u00bb30&#8243; down=\u00bb0&#8243;][\/vc_column][\/vc_row][vc_row css_animation=\u00bb\u00bb row_type=\u00bbrow\u00bb use_row_as_full_screen_section=\u00bbno\u00bb type=\u00bbgrid\u00bb angled_section=\u00bbno\u00bb text_align=\u00bbleft\u00bb background_image_as_pattern=\u00bbwithout_pattern\u00bb background_color=\u00bb#f7f8f9&#8243; padding_top=\u00bb95&#8243; padding_bottom=\u00bb71&#8243;][vc_column width=\u00bb1\/2&#8243;][vc_separator type=\u00bbtransparent\u00bb up=\u00bb13&#8243; down=\u00bb0&#8243;][vc_column_text]<\/p>\n<h2>EL COMERCIO DEL ACERO ES NUESTRO NEGOCIO<\/h2>\n<p>[\/vc_column_text][vc_separator type=\u00bbtransparent\u00bb up=\u00bb56&#8243; down=\u00bb0&#8243;]<div class='q_list circle'><\/p>\n<ul>\n<li>\n<h6><strong><b>Confianza y Responsabilidad:<\/b><\/strong>\u00a0Realizamos nuestro negocio con confianza, honestidad, responsabilidad y rendici\u00f3n de cuentas como principios rectores.<\/h6>\n<\/li>\n<\/ul>\n<h6><\/h6>\n<ul>\n<li>\n<h6><strong><b>Experiencia en la Industria:<\/b><\/strong>\u00a0Nuestro profundo conocimiento de la industria del acero, combinado con una amplia experiencia en el comercio internacional, garantiza la excelencia en cada transacci\u00f3n.<\/h6>\n<\/li>\n<\/ul>\n<h6><\/h6>\n<ul>\n<li>\n<h6><strong><b>Soluciones \u00d3ptimas:<\/b><\/strong>\u00a0Nos especializamos en obtener los materiales adecuados en el momento perfecto, ofreci\u00e9ndolos a precios altamente competitivos.<\/h6>\n<\/li>\n<\/ul>\n<h6><\/h6>\n<ul>\n<li>\n<h6><strong><b>Alianzas Globales:<\/b><\/strong>\u00a0En colaboraci\u00f3n con los principales proveedores de todo el mundo, garantizamos fiabilidad, calidad y eficiencia en cada colaboraci\u00f3n.<\/h6>\n<\/li>\n<\/ul>\n<h6><\/h6>\n<ul>\n<li>\n<h6><strong><b>Calidad y Soporte Inigualables:<\/b><\/strong>\u00a0Nos enorgullece entregar productos de acero de la m\u00e1s alta calidad respaldados por un servicio y asistencia al cliente excepcionales.<\/h6>\n<\/li>\n<\/ul>\n<p><\/div>[vc_separator type=\u00bbtransparent\u00bb up=\u00bb30&#8243; down=\u00bb0&#8243;][\/vc_column][vc_column width=\u00bb1\/2&#8243;][vc_single_image image=\u00bb15518&#8243; img_size=\u00bbfull\u00bb alignment=\u00bbcenter\u00bb qode_css_animation=\u00bbelement_from_fade\u00bb transition_delay=\u00bb0.3&#8243;][\/vc_column][\/vc_row][vc_row css_animation=\u00bb\u00bb row_type=\u00bbrow\u00bb use_row_as_full_screen_section=\u00bbno\u00bb type=\u00bbgrid\u00bb angled_section=\u00bbno\u00bb text_align=\u00bbcenter\u00bb background_image_as_pattern=\u00bbwithout_pattern\u00bb padding_top=\u00bb84&#8243; padding_bottom=\u00bb30&#8243;][vc_column][vc_column_text]<\/p>\n<h2>Servicio De Transporte Mundial<\/h2>\n<p>[\/vc_column_text][vc_separator type=\u00bbsmall\u00bb position=\u00bbcenter\u00bb color=\u00bb#1b75bc\u00bb][\/vc_column][\/vc_row][vc_row css_animation=\u00bb\u00bb row_type=\u00bbrow\u00bb use_row_as_full_screen_section=\u00bbno\u00bb type=\u00bbgrid\u00bb angled_section=\u00bbno\u00bb text_align=\u00bbcenter\u00bb background_image_as_pattern=\u00bbwithout_pattern\u00bb padding_top=\u00bb37&#8243; padding_bottom=\u00bb70&#8243;][vc_column width=\u00bb1\/4&#8243;][vc_single_image image=\u00bb15516&#8243; img_size=\u00bbfull\u00bb alignment=\u00bbcenter\u00bb qode_css_animation=\u00bbelement_from_fade\u00bb transition_delay=\u00bb0.2&#8243;][vc_separator type=\u00bbtransparent\u00bb up=\u00bb22&#8243; down=\u00bb0&#8243;][vc_column_text]<\/p>\n<h3 style=\"text-align: center;\">Dividir Env\u00edos A Granel<\/h3>\n<p>[\/vc_column_text][\/vc_column][vc_column width=\u00bb1\/4&#8243;][vc_single_image image=\u00bb15690&#8243; img_size=\u00bbfull\u00bb alignment=\u00bbcenter\u00bb qode_css_animation=\u00bbelement_from_fade\u00bb transition_delay=\u00bb0.3&#8243;][vc_separator type=\u00bbtransparent\u00bb up=\u00bb22&#8243; down=\u00bb0&#8243;][vc_column_text]<\/p>\n<h3 style=\"text-align: center;\">Env\u00edo De Contenedores<\/h3>\n<p>[\/vc_column_text][\/vc_column][vc_column width=\u00bb1\/4&#8243;][vc_single_image image=\u00bb15512&#8243; img_size=\u00bbfull\u00bb alignment=\u00bbcenter\u00bb qode_css_animation=\u00bbelement_from_fade\u00bb transition_delay=\u00bb0.4&#8243;][vc_separator type=\u00bbtransparent\u00bb up=\u00bb22&#8243; down=\u00bb0&#8243;][vc_column_text]<\/p>\n<h3 style=\"text-align: center;\">Env\u00edo De Camiones<\/h3>\n<p>[\/vc_column_text][\/vc_column][vc_column width=\u00bb1\/4&#8243;][vc_single_image image=\u00bb15515&#8243; img_size=\u00bbfull\u00bb alignment=\u00bbcenter\u00bb qode_css_animation=\u00bbelement_from_fade\u00bb transition_delay=\u00bb0.5&#8243;][vc_separator type=\u00bbtransparent\u00bb up=\u00bb22&#8243; down=\u00bb0&#8243;][vc_column_text]<\/p>\n<h3 style=\"text-align: center;\">Railway Shipment<\/h3>\n<p>[\/vc_column_text][\/vc_column][\/vc_row][vc_row css_animation=\u00bb\u00bb row_type=\u00bbrow\u00bb use_row_as_full_screen_section=\u00bbno\u00bb type=\u00bbgrid\u00bb angled_section=\u00bbno\u00bb text_align=\u00bbcenter\u00bb background_image=\u00bb15261&#8243; background_image_as_pattern=\u00bbwithout_pattern\u00bb padding_top=\u00bb77&#8243; padding_bottom=\u00bb71&#8243;][vc_column][vc_column_text css=\u00bb\u00bb]<\/p>\n<h3>\u201cLa fortaleza del acero reside en su composici\u00f3n, y la fortaleza de una empresa reside en su gente.\u201d<\/h3>\n<p>[\/vc_column_text][vc_empty_space][\/vc_column][\/vc_row][vc_row css_animation=\u00bb\u00bb row_type=\u00bbrow\u00bb use_row_as_full_screen_section=\u00bbno\u00bb type=\u00bbfull_width\u00bb angled_section=\u00bbno\u00bb text_align=\u00bbleft\u00bb background_image_as_pattern=\u00bbwithout_pattern\u00bb][vc_column][\/vc_column][\/vc_row]<\/p>\n<\/div>","protected":false},"excerpt":{"rendered":"<p>[vc_row css_animation=\u00bb\u00bb row_type=\u00bbrow\u00bb use_row_as_full_screen_section=\u00bbno\u00bb type=\u00bbgrid\u00bb angled_section=\u00bbno\u00bb text_align=\u00bbleft\u00bb background_image_as_pattern=\u00bbwithout_pattern\u00bb background_color=\u00bb#f1f3f4&#8243; padding_top=\u00bb29&#8243; padding_bottom=\u00bb6&#8243;][vc_column width=\u00bb1\/2&#8243;][vc_separator type=\u00bbtransparent\u00bb up=\u00bb7&#8243; down=\u00bb0&#8243;][vc_separator type=\u00bbtransparent\u00bb up=\u00bb7&#8243; down=\u00bb0&#8243;][\/vc_column][vc_column width=\u00bb1\/2&#8243;][\/vc_column][\/vc_row][vc_row css_animation=\u00bb\u00bb row_type=\u00bbrow\u00bb use_row_as_full_screen_section=\u00bbno\u00bb type=\u00bbgrid\u00bb angled_section=\u00bbno\u00bb text_align=\u00bbcenter\u00bb background_image_as_pattern=\u00bbwithout_pattern\u00bb padding_top=\u00bb84&#8243; padding_bottom=\u00bb30&#8243;][vc_column][vc_column_text] PRODUCTOS DE ACERO [\/vc_column_text][vc_separator type=\u00bbsmall\u00bb position=\u00bbcenter\u00bb color=\u00bb#1b75bc\u00bb][\/vc_column][\/vc_row][vc_row css_animation=\u00bb\u00bb row_type=\u00bbrow\u00bb use_row_as_full_screen_section=\u00bbno\u00bb type=\u00bbgrid\u00bb angled_section=\u00bbno\u00bb text_align=\u00bbcenter\u00bb background_image_as_pattern=\u00bbwithout_pattern\u00bb padding_bottom=\u00bb56&#8243;][vc_column width=\u00bb1\/4&#8243;][vc_single_image image=\u00bb15507&#8243;&#8230;<\/p>\n","protected":false},"author":1,"featured_media":0,"parent":0,"menu_order":0,"comment_status":"closed","ping_status":"closed","template":"full_width.php","meta":{"_joinchat":[],"footnotes":""},"class_list":["post-14869","page","type-page","status-publish","hentry"],"translation":{"provider":"WPGlobus","version":"2.12.2","language":"es","enabled_languages":["en","es","de","fr","ru","tr"],"languages":{"en":{"title":true,"content":true,"excerpt":false},"es":{"title":false,"content":true,"excerpt":false},"de":{"title":false,"content":true,"excerpt":false},"fr":{"title":false,"content":true,"excerpt":false},"ru":{"title":false,"content":true,"excerpt":false},"tr":{"title":true,"content":true,"excerpt":false}}},"_links":{"self":[{"href":"https:\/\/eldarmetal.com\/es\/wp-json\/wp\/v2\/pages\/14869","targetHints":{"allow":["GET"]}}],"collection":[{"href":"https:\/\/eldarmetal.com\/es\/wp-json\/wp\/v2\/pages"}],"about":[{"href":"https:\/\/eldarmetal.com\/es\/wp-json\/wp\/v2\/types\/page"}],"author":[{"embeddable":true,"href":"https:\/\/eldarmetal.com\/es\/wp-json\/wp\/v2\/users\/1"}],"replies":[{"embeddable":true,"href":"https:\/\/eldarmetal.com\/es\/wp-json\/wp\/v2\/comments?post=14869"}],"version-history":[{"count":90,"href":"https:\/\/eldarmetal.com\/es\/wp-json\/wp\/v2\/pages\/14869\/revisions"}],"predecessor-version":[{"id":15981,"href":"https:\/\/eldarmetal.com\/es\/wp-json\/wp\/v2\/pages\/14869\/revisions\/15981"}],"wp:attachment":[{"href":"https:\/\/eldarmetal.com\/es\/wp-json\/wp\/v2\/media?parent=14869"}],"curies":[{"name":"wp","href":"https:\/\/api.w.org\/{rel}","templated":true}]}}