{"id":15550,"date":"2021-10-26T17:09:02","date_gmt":"2021-10-26T17:09:02","guid":{"rendered":"https:\/\/eldarmetal.com\/?page_id=15550"},"modified":"2024-02-01T20:43:25","modified_gmt":"2024-02-01T20:43:25","slug":"semi-finished-steel","status":"publish","type":"page","link":"https:\/\/eldarmetal.com\/de\/semi-finished-steel\/","title":{"rendered":"Semi Finished Steel"},"content":{"rendered":"<div class=\"wpb-content-wrapper\"><p>[vc_row row_type=&#8220;parallax&#8220; parallax_content_width=&#8220;in_grid&#8220; text_align=&#8220;left&#8220; background_image=&#8220;15684&#8243; full_screen_section_height=&#8220;no&#8220; section_height=&#8220;301&#8243;][vc_column width=&#8220;2\/3&#8243;][vc_empty_space height=&#8220;90px&#8220;][vc_column_text]<\/p>\n<h2 style=\"color: #ffffff;\">SEMI FINISHED STEEL PRODUCTS<\/h2>\n<p>[\/vc_column_text][\/vc_column][vc_column width=&#8220;1\/3&#8243;][\/vc_column][\/vc_row][vc_row css_animation=&#8220;&#8220; row_type=&#8220;row&#8220; use_row_as_full_screen_section=&#8220;no&#8220; type=&#8220;full_width&#8220; angled_section=&#8220;no&#8220; text_align=&#8220;left&#8220; background_image_as_pattern=&#8220;without_pattern&#8220;][vc_column][vc_empty_space height=&#8220;50px&#8220;][\/vc_column][\/vc_row][vc_row css_animation=&#8220;element_from_left&#8220; row_type=&#8220;row&#8220; use_row_as_full_screen_section=&#8220;no&#8220; type=&#8220;grid&#8220; header_style=&#8220;light&#8220; angled_section=&#8220;no&#8220; text_align=&#8220;left&#8220; background_image_as_pattern=&#8220;without_pattern&#8220; padding_top=&#8220;20&#8243; padding_bottom=&#8220;20&#8243; z_index=&#8220;&#8220;][vc_column width=&#8220;1\/2&#8243;][vc_single_image image=&#8220;15600&#8243; img_size=&#8220;full&#8220; alignment=&#8220;center&#8220; style=&#8220;vc_box_shadow_3d&#8220; qode_css_animation=&#8220;&#8220;][\/vc_column][vc_column width=&#8220;1\/2&#8243;][vc_column_text]<\/p>\n<h2>Stahlbolzen<\/h2>\n<p>[\/vc_column_text][vc_empty_space][vc_column_text]<strong>Standard:<\/strong><br \/>\nASTM, BS, DIB, AISI, GOST, JIS, ISO, SAE, SI, TS, UNI, EURONORM, AFNOR (NF)<\/p>\n<p>&nbsp;<\/p>\n<p><strong>Qualit\u00e4t :<\/strong><br \/>\nASTM A615 GR40-60, BST 420S, BS 4449 (GR250-460), DIN 488, JIS G3112 (SD 30-35-40), SI 739 S400-S400W, FEB 44K, 3SP\/PS-5SP\/PS GOST 380 88 , 35GS-25 G2S, GOST 5781-82, ST37-2 DIN17199, NFA 35015-16<\/p>\n<p>&nbsp;<\/p>\n<p><strong>Gr\u00f6\u00dfe :<\/strong><br \/>\nQuadratische Billets; von 100x100mm bis 200x200mm<br \/>\nRunde Kn\u00fcppel; von 120 mm bis 270 mm<br \/>\n<strong>L\u00e4nge:<\/strong> Verf\u00fcgbar bis zu 12 Metern[\/vc_column_text][\/vc_column][\/vc_row][vc_row css_animation=&#8220;element_from_right&#8220; row_type=&#8220;row&#8220; use_row_as_full_screen_section=&#8220;no&#8220; type=&#8220;grid&#8220; angled_section=&#8220;no&#8220; text_align=&#8220;left&#8220; background_image_as_pattern=&#8220;without_pattern&#8220; background_color=&#8220;#f9f9f9&#8243; padding_top=&#8220;20&#8243; padding_bottom=&#8220;20&#8243; z_index=&#8220;&#8220;][vc_column width=&#8220;1\/2&#8243;][vc_column_text]<\/p>\n<h2>Stahlplatten<\/h2>\n<p>[\/vc_column_text][vc_empty_space][vc_column_text]<strong>Standard:<\/strong> ASTM, BS, DIB, AISI, GOST, JIS, ISO, SAE, SI, TS, UNI, EURONORM, AFNOR (NF)<\/p>\n<p>&nbsp;<\/p>\n<p><strong>Qualit\u00e4t:<\/strong> DIN 1616 GR B, DIN 1623 ST 12, DIN 1623 UST 12 UND \u00c4quivalente<\/p>\n<p>&nbsp;<\/p>\n<p><strong>Gr\u00f6\u00dfe :<\/strong><\/p>\n<p><strong>Dicke:<\/strong> Haupts\u00e4chlich zwischen 185 und 200 mm<\/p>\n<p><strong>Breite:<\/strong> Haupts\u00e4chlich zwischen 840 und 1235 mm<\/p>\n<p><strong>L\u00e4nge:<\/strong> Verf\u00fcgbar bis zu 12 Metern[\/vc_column_text][\/vc_column][vc_column width=&#8220;1\/2&#8243;][vc_single_image image=&#8220;15601&#8243; img_size=&#8220;full&#8220; alignment=&#8220;center&#8220; style=&#8220;vc_box_shadow_3d&#8220; qode_css_animation=&#8220;&#8220;][\/vc_column][\/vc_row][vc_row css_animation=&#8220;element_from_left&#8220; row_type=&#8220;row&#8220; use_row_as_full_screen_section=&#8220;no&#8220; type=&#8220;grid&#8220; angled_section=&#8220;no&#8220; text_align=&#8220;left&#8220; background_image_as_pattern=&#8220;without_pattern&#8220; padding_top=&#8220;20&#8243; padding_bottom=&#8220;20&#8243; z_index=&#8220;&#8220;][vc_column width=&#8220;1\/2&#8243;][vc_single_image image=&#8220;15602&#8243; img_size=&#8220;full&#8220; alignment=&#8220;center&#8220; style=&#8220;vc_box_shadow_3d&#8220; qode_css_animation=&#8220;&#8220;][\/vc_column][vc_column width=&#8220;1\/2&#8243;][vc_column_text]<\/p>\n<h2>Stahlbl\u00fcten<\/h2>\n<p>[\/vc_column_text][vc_empty_space][vc_column_text]<strong>Standard:<\/strong><br \/>\nASTM, BS, DIB, AISI, GOST, JIS, ISO, SAE, SI, TS, UNI, EURONORM, AFNOR (NF)<\/p>\n<p>&nbsp;<\/p>\n<p><strong>Qualit\u00e4t:<\/strong> ASTM A615 GR40-60, BST 420S, BS 4449 (GR250-460), DIN 488, JIS G3112 (SD 30-35-40), SI 739 S400-S400W, FEB 44K, 3SP\/PS-5SP\/PS GOST 380 88, 35GS-25 G2S, GOST 5781-82, ST37-2 DIN17199, NFA 35015-16<\/p>\n<p>&nbsp;<\/p>\n<p><strong>Gr\u00f6\u00dfe:<\/strong> Haupts\u00e4chlich in den Gr\u00f6\u00dfen 200 x 200 mm, 260 x 260 mm, 260 x 340 mm, 265 x 335 mm<\/p>\n<p><strong>L\u00e4nge:<\/strong> Verf\u00fcgbar bis zu 12 Metern[\/vc_column_text][\/vc_column][\/vc_row][vc_row css_animation=&#8220;&#8220; row_type=&#8220;row&#8220; use_row_as_full_screen_section=&#8220;no&#8220; type=&#8220;full_width&#8220; angled_section=&#8220;no&#8220; text_align=&#8220;left&#8220; background_image_as_pattern=&#8220;without_pattern&#8220;][vc_column][vc_empty_space height=&#8220;60px&#8220;][\/vc_column][\/vc_row]<\/p>\n<\/div>","protected":false},"excerpt":{"rendered":"<p>[vc_row row_type=&#8220;parallax&#8220; parallax_content_width=&#8220;in_grid&#8220; text_align=&#8220;left&#8220; background_image=&#8220;15684&#8243; full_screen_section_height=&#8220;no&#8220; section_height=&#8220;301&#8243;][vc_column width=&#8220;2\/3&#8243;][vc_empty_space height=&#8220;90px&#8220;][vc_column_text] SEMI FINISHED STEEL PRODUCTS [\/vc_column_text][\/vc_column][vc_column width=&#8220;1\/3&#8243;][\/vc_column][\/vc_row][vc_row css_animation=&#8220;&#8220; row_type=&#8220;row&#8220; use_row_as_full_screen_section=&#8220;no&#8220; type=&#8220;full_width&#8220; angled_section=&#8220;no&#8220; text_align=&#8220;left&#8220; background_image_as_pattern=&#8220;without_pattern&#8220;][vc_column][vc_empty_space height=&#8220;50px&#8220;][\/vc_column][\/vc_row][vc_row css_animation=&#8220;element_from_left&#8220; row_type=&#8220;row&#8220; use_row_as_full_screen_section=&#8220;no&#8220; type=&#8220;grid&#8220; header_style=&#8220;light&#8220; angled_section=&#8220;no&#8220; text_align=&#8220;left&#8220; background_image_as_pattern=&#8220;without_pattern&#8220; padding_top=&#8220;20&#8243; padding_bottom=&#8220;20&#8243; z_index=&#8220;&#8220;][vc_column width=&#8220;1\/2&#8243;][vc_single_image image=&#8220;15600&#8243; img_size=&#8220;full&#8220; alignment=&#8220;center&#8220; style=&#8220;vc_box_shadow_3d&#8220; qode_css_animation=&#8220;&#8220;][\/vc_column][vc_column width=&#8220;1\/2&#8243;][vc_column_text] Stahlbolzen [\/vc_column_text][vc_empty_space][vc_column_text]Standard: ASTM, BS,&#8230;<\/p>\n","protected":false},"author":1,"featured_media":0,"parent":0,"menu_order":0,"comment_status":"closed","ping_status":"closed","template":"full_width.php","meta":{"_joinchat":[],"footnotes":""},"class_list":["post-15550","page","type-page","status-publish","hentry"],"translation":{"provider":"WPGlobus","version":"2.12.2","language":"de","enabled_languages":["en","es","de","fr","ru","tr"],"languages":{"en":{"title":true,"content":true,"excerpt":false},"es":{"title":false,"content":true,"excerpt":false},"de":{"title":false,"content":true,"excerpt":false},"fr":{"title":false,"content":true,"excerpt":false},"ru":{"title":false,"content":true,"excerpt":false},"tr":{"title":false,"content":true,"excerpt":false}}},"_links":{"self":[{"href":"https:\/\/eldarmetal.com\/de\/wp-json\/wp\/v2\/pages\/15550","targetHints":{"allow":["GET"]}}],"collection":[{"href":"https:\/\/eldarmetal.com\/de\/wp-json\/wp\/v2\/pages"}],"about":[{"href":"https:\/\/eldarmetal.com\/de\/wp-json\/wp\/v2\/types\/page"}],"author":[{"embeddable":true,"href":"https:\/\/eldarmetal.com\/de\/wp-json\/wp\/v2\/users\/1"}],"replies":[{"embeddable":true,"href":"https:\/\/eldarmetal.com\/de\/wp-json\/wp\/v2\/comments?post=15550"}],"version-history":[{"count":10,"href":"https:\/\/eldarmetal.com\/de\/wp-json\/wp\/v2\/pages\/15550\/revisions"}],"predecessor-version":[{"id":15861,"href":"https:\/\/eldarmetal.com\/de\/wp-json\/wp\/v2\/pages\/15550\/revisions\/15861"}],"wp:attachment":[{"href":"https:\/\/eldarmetal.com\/de\/wp-json\/wp\/v2\/media?parent=15550"}],"curies":[{"name":"wp","href":"https:\/\/api.w.org\/{rel}","templated":true}]}}