{"id":15336,"date":"2015-04-30T10:35:21","date_gmt":"2015-04-30T10:35:21","guid":{"rendered":"http:\/\/demo.qodeinteractive.com\/bridge81\/?page_id=15336"},"modified":"2025-01-14T10:09:21","modified_gmt":"2025-01-14T10:09:21","slug":"aboutus","status":"publish","type":"page","link":"https:\/\/eldarmetal.com\/de\/aboutus\/","title":{"rendered":"About Us"},"content":{"rendered":"<div class=\"wpb-content-wrapper\"><p>[vc_row css_animation=&#8220;&#8220; row_type=&#8220;row&#8220; use_row_as_full_screen_section=&#8220;no&#8220; type=&#8220;grid&#8220; angled_section=&#8220;no&#8220; text_align=&#8220;left&#8220; background_image_as_pattern=&#8220;without_pattern&#8220; padding_top=&#8220;88&#8243; padding_bottom=&#8220;75&#8243;][vc_column][vc_column_text css=&#8220;&#8220;]<strong><b>Bei Eldar Metal<\/b><\/strong>\u00a0spezialisieren wir uns auf den Export und globalen Handel von hochwertigen Eisen- und Stahlprodukten. Mit Sitz in Istanbul, T\u00fcrkei, bringen wir \u00fcber 20 Jahre Branchenerfahrung mit, um Unternehmen weltweit zu unterst\u00fctzen.<\/p>\n<p>&nbsp;<\/p>\n<p><strong><b>Unsere Produktpalette<\/b><\/strong>\u00a0umfasst Rohstoffe wie Kn\u00fcppel und Brammen bis hin zu fertigen Stahlprodukten, die alle von vertrauensw\u00fcrdigen Herstellern bezogen werden. Ob ma\u00dfgeschneiderte L\u00f6sungen oder Standardprodukte \u2013 <strong><b>Eldar Metal<\/b><\/strong>\u00a0garantiert Qualit\u00e4t, Zuverl\u00e4ssigkeit und wettbewerbsf\u00e4hige Preise.<\/p>\n<p>&nbsp;<\/p>\n<p><strong><b>Kompetenz im Export von Eisen und Stahl<\/b><\/strong><\/p>\n<p>&nbsp;<\/p>\n<p>Bei <strong><b>Eldar Metal<\/b><\/strong>\u00a0sind wir f\u00fchrend im Export einer breiten Palette von Stahlprodukten \u2013 von Rohstoffen wie Kn\u00fcppel und Brammen bis hin zu fertigen Produkten wie Betonstahl, Walzdraht, Stahlcoils und Blechen, Profilen und Rohren. Unser Produktportfolio umfasst \u00fcber 250 Stahlprodukte, die internationalen Standards wie ASTM, BS, GOST, JIS, DIN und DSTU entsprechen.<\/p>\n<p>&nbsp;<\/p>\n<p><strong><b>Wir sind stolz darauf, Folgendes anzubieten:<\/b><\/strong><\/p>\n<ul>\n<li>Ma\u00dfgeschneiderte L\u00f6sungen f\u00fcr Exportm\u00e4rkte<\/li>\n<li>Hochwertige, zertifizierte Produkte gem\u00e4\u00df europ\u00e4ischen Normen<\/li>\n<li>Flexible Zahlungsbedingungen und wettbewerbsf\u00e4hige Preise<\/li>\n<\/ul>\n<p>&nbsp;<\/p>\n<p>Mit einer robusten Lieferkette und einem stets verf\u00fcgbaren Lagerbestand von 1.500 bis 2.000 Tonnen gew\u00e4hrleisten wir p\u00fcnktliche Lieferungen, auch bei dringenden Anforderungen.[\/vc_column_text][\/vc_column][\/vc_row][vc_row css_animation=&#8220;&#8220; row_type=&#8220;row&#8220; use_row_as_full_screen_section=&#8220;no&#8220; type=&#8220;grid&#8220; angled_section=&#8220;no&#8220; text_align=&#8220;left&#8220; background_image=&#8220;15261&#8243; background_image_as_pattern=&#8220;without_pattern&#8220; padding_top=&#8220;88&#8243; padding_bottom=&#8220;75&#8243;][vc_column width=&#8220;1\/2&#8243;][vc_separator type=&#8220;transparent&#8220; up=&#8220;0&#8243; down=&#8220;0&#8243;][vc_column_text css=&#8220;&#8220;]<strong><b>Erweiterte Verarbeitungsservices<\/b><\/strong><\/p>\n<p>&nbsp;<\/p>\n<p>Unsere Expertise geht \u00fcber die reine Produktlieferung hinaus. Durch strategisch positionierte Distributoren bietet <strong><b>Eldar Metal<\/b><\/strong>\u00a0erweiterte Verarbeitungskapazit\u00e4ten, um die spezifischen Anforderungen der Exportkunden zu erf\u00fcllen. Dazu geh\u00f6ren:[\/vc_column_text][vc_separator type=&#8220;small&#8220; position=&#8220;left&#8220; up=&#8220;26&#8243; down=&#8220;26&#8243;][vc_column_text css=&#8220;&#8220;]<\/p>\n<ul>\n<li><strong>L\u00e4ngs- und Querteilschnitte<\/strong><\/li>\n<li><strong>Kantenschneiden und Multi-Blanking<\/strong><\/li>\n<li><strong>Metallumformung (Trapezprofilierung, Wellung, Grate, Pr\u00e4gen)<\/strong><\/li>\n<li><strong>Polieren, B\u00fcrsten und Sandstrahlen<\/strong><\/li>\n<li><strong>Auftrennen von Tr\u00e4gern und S\u00e4gen von Langprodukten<\/strong><\/li>\n<\/ul>\n<p>&nbsp;<\/p>\n<p>Diese Mehrwertdienste erm\u00f6glichen es uns, Produkte exakt nach den Spezifikationen unserer Kunden zu liefern und deren Erfolg auf wettbewerbsintensiven M\u00e4rkten zu unterst\u00fctzen.[\/vc_column_text][\/vc_column][vc_column width=&#8220;1\/2&#8243;][vc_single_image image=&#8220;15670&#8243; img_size=&#8220;full&#8220; alignment=&#8220;center&#8220; qode_css_animation=&#8220;element_from_fade&#8220; transition_delay=&#8220;0.4&#8243;][\/vc_column][\/vc_row][vc_row css_animation=&#8220;&#8220; row_type=&#8220;row&#8220; use_row_as_full_screen_section=&#8220;no&#8220; type=&#8220;grid&#8220; angled_section=&#8220;no&#8220; text_align=&#8220;left&#8220; background_image_as_pattern=&#8220;without_pattern&#8220; padding_top=&#8220;88&#8243; padding_bottom=&#8220;75&#8243;][vc_column width=&#8220;1\/2&#8243;][vc_single_image image=&#8220;15589&#8243; img_size=&#8220;full&#8220; alignment=&#8220;right&#8220; style=&#8220;vc_box_shadow_3d&#8220; qode_css_animation=&#8220;element_from_fade&#8220; transition_delay=&#8220;0.2&#8243;][\/vc_column][vc_column width=&#8220;1\/2&#8243;][vc_column_text css=&#8220;&#8220;]<strong><b>Globale Reichweite, Kundenorientierter Ansatz<\/b><\/strong><\/p>\n<p>&nbsp;<\/p>\n<p>Unsere Mission ist es, ein f\u00fchrender Exporteur in der Eisen- und Stahlindustrie zu werden, indem wir langfristige Partnerschaften mit internationalen Kunden aufbauen. Unser Fokus liegt auf:<\/p>\n<ul>\n<li>Hochwertigen Produkten, die Exportstandards erf\u00fcllen<\/li>\n<li>P\u00fcnktlichen Lieferungen in jedes Ziel weltweit<\/li>\n<li>Umfassendem After-Sales- und technischem Support<\/li>\n<\/ul>\n<p>&nbsp;<\/p>\n<p>Bei <strong><b>Eldar Metal<\/b><\/strong>\u00a0zeichnen wir uns dadurch aus, dass wir die spezifischen Bed\u00fcrfnisse der Exportm\u00e4rkte vollst\u00e4ndig verstehen und unser Angebot an lokale und regionale Anforderungen anpassen.<\/p>\n<p>&nbsp;<\/p>\n<p><strong><b>Unsere Vision<\/b><\/strong><\/p>\n<p>&nbsp;<\/p>\n<p>Wir glauben, dass Qualit\u00e4t und Innovation die Grundlage f\u00fcr Erfolg sind. Dieses Prinzip treibt unser Engagement an, Folgendes zu bieten:<\/p>\n<ul>\n<li>Produkte h\u00f6chster Qualit\u00e4t mit zertifizierter Produktion<\/li>\n<li>Wettbewerbsf\u00e4hige Preise f\u00fcr ein ausgezeichnetes Preis-Leistungs-Verh\u00e4ltnis<\/li>\n<li>P\u00fcnktliche Lieferungen zur Aufrechterhaltung der Effizienz der Lieferkette<\/li>\n<\/ul>\n<p>&nbsp;<\/p>\n<p>Mit einer nachweislichen Erfolgsbilanz im internationalen Handel ist <strong><b>Eldar Metal<\/b><\/strong>\u00a0ein zuverl\u00e4ssiger Partner f\u00fcr Unternehmen weltweit, die nach Expertenl\u00f6sungen in der Eisen- und Stahlindustrie suchen. Lassen Sie uns Ihnen helfen, st\u00e4rkere Verbindungen aufzubauen und gr\u00f6\u00dfere Erfolge auf dem globalen Markt zu erzielen.[\/vc_column_text][\/vc_column][\/vc_row][vc_row css_animation=&#8220;&#8220; row_type=&#8220;row&#8220; use_row_as_full_screen_section=&#8220;no&#8220; type=&#8220;full_width&#8220; angled_section=&#8220;no&#8220; text_align=&#8220;left&#8220; background_image_as_pattern=&#8220;without_pattern&#8220;][\/vc_row][vc_column][\/vc_column][vc_column_text css=&#8220;&#8220;][\/vc_column_text]<\/p>\n<\/div>","protected":false},"excerpt":{"rendered":"<p>[vc_row css_animation=&#8220;&#8220; row_type=&#8220;row&#8220; use_row_as_full_screen_section=&#8220;no&#8220; type=&#8220;grid&#8220; angled_section=&#8220;no&#8220; text_align=&#8220;left&#8220; background_image_as_pattern=&#8220;without_pattern&#8220; padding_top=&#8220;88&#8243; padding_bottom=&#8220;75&#8243;][vc_column][vc_column_text css=&#8220;&#8220;]Bei Eldar Metal\u00a0spezialisieren wir uns auf den Export und globalen Handel von hochwertigen Eisen- und Stahlprodukten. Mit Sitz in Istanbul, T\u00fcrkei, bringen wir \u00fcber 20 Jahre Branchenerfahrung mit, um Unternehmen weltweit zu unterst\u00fctzen. &nbsp; Unsere&#8230;<\/p>\n","protected":false},"author":1,"featured_media":0,"parent":0,"menu_order":0,"comment_status":"closed","ping_status":"closed","template":"full_width.php","meta":{"_joinchat":[],"footnotes":""},"class_list":["post-15336","page","type-page","status-publish","hentry"],"translation":{"provider":"WPGlobus","version":"2.12.2","language":"de","enabled_languages":["en","es","de","fr","ru","tr"],"languages":{"en":{"title":true,"content":true,"excerpt":false},"es":{"title":false,"content":true,"excerpt":false},"de":{"title":false,"content":true,"excerpt":false},"fr":{"title":false,"content":true,"excerpt":false},"ru":{"title":false,"content":true,"excerpt":false},"tr":{"title":false,"content":true,"excerpt":false}}},"_links":{"self":[{"href":"https:\/\/eldarmetal.com\/de\/wp-json\/wp\/v2\/pages\/15336","targetHints":{"allow":["GET"]}}],"collection":[{"href":"https:\/\/eldarmetal.com\/de\/wp-json\/wp\/v2\/pages"}],"about":[{"href":"https:\/\/eldarmetal.com\/de\/wp-json\/wp\/v2\/types\/page"}],"author":[{"embeddable":true,"href":"https:\/\/eldarmetal.com\/de\/wp-json\/wp\/v2\/users\/1"}],"replies":[{"embeddable":true,"href":"https:\/\/eldarmetal.com\/de\/wp-json\/wp\/v2\/comments?post=15336"}],"version-history":[{"count":65,"href":"https:\/\/eldarmetal.com\/de\/wp-json\/wp\/v2\/pages\/15336\/revisions"}],"predecessor-version":[{"id":15972,"href":"https:\/\/eldarmetal.com\/de\/wp-json\/wp\/v2\/pages\/15336\/revisions\/15972"}],"wp:attachment":[{"href":"https:\/\/eldarmetal.com\/de\/wp-json\/wp\/v2\/media?parent=15336"}],"curies":[{"name":"wp","href":"https:\/\/api.w.org\/{rel}","templated":true}]}}