{"id":14869,"date":"2014-05-20T07:51:11","date_gmt":"2014-05-20T07:51:11","guid":{"rendered":"http:\/\/demo.qodeinteractive.com\/bridge81\/?page_id=14869"},"modified":"2025-01-14T12:31:08","modified_gmt":"2025-01-14T12:31:08","slug":"home","status":"publish","type":"page","link":"https:\/\/eldarmetal.com\/de\/","title":{"rendered":"Home"},"content":{"rendered":"<div class=\"wpb-content-wrapper\"><p>[vc_row css_animation=&#8220;&#8220; row_type=&#8220;row&#8220; use_row_as_full_screen_section=&#8220;no&#8220; type=&#8220;grid&#8220; angled_section=&#8220;no&#8220; text_align=&#8220;left&#8220; background_image_as_pattern=&#8220;without_pattern&#8220; background_color=&#8220;#f1f3f4&#8243; padding_top=&#8220;29&#8243; padding_bottom=&#8220;6&#8243;][vc_column width=&#8220;1\/2&#8243;][vc_separator type=&#8220;transparent&#8220; up=&#8220;7&#8243; down=&#8220;0&#8243;]<a  itemprop=\"url\" href=\"https:\/\/eldarmetal.com\/wp-content\/uploads\/2025\/01\/Eldar-Metal-Katalog.pdf\" target=\"_blank\"  class=\"qbutton  large default\" style=\"\">ELDAR METAL E-KATALOG<i class=\"qode_icon_font_awesome fa fa-briefcase qode_button_icon_element\" style=\"color: #ffffff;\" ><\/i><\/a>[vc_separator type=&#8220;transparent&#8220; up=&#8220;7&#8243; down=&#8220;0&#8243;][\/vc_column][vc_column width=&#8220;1\/2&#8243;]\n<div class=\"wpcf7 no-js\" id=\"wpcf7-f15280-o1\" lang=\"en-US\" dir=\"ltr\" data-wpcf7-id=\"15280\">\n<div class=\"screen-reader-response\"><p role=\"status\" aria-live=\"polite\" aria-atomic=\"true\"><\/p> <ul><\/ul><\/div>\n<form action=\"\/de\/wp-json\/wp\/v2\/pages\/14869#wpcf7-f15280-o1\" method=\"post\" class=\"wpcf7-form init cf7_custom_style_1\" aria-label=\"Contact form\" novalidate=\"novalidate\" data-status=\"init\">\n<div style=\"display: none;\">\n<input type=\"hidden\" name=\"_wpcf7\" value=\"15280\" \/>\n<input type=\"hidden\" name=\"_wpcf7_version\" value=\"6.0.6\" \/>\n<input type=\"hidden\" name=\"_wpcf7_locale\" value=\"en_US\" \/>\n<input type=\"hidden\" name=\"_wpcf7_unit_tag\" value=\"wpcf7-f15280-o1\" \/>\n<input type=\"hidden\" name=\"_wpcf7_container_post\" value=\"0\" \/>\n<input type=\"hidden\" name=\"_wpcf7_posted_data_hash\" value=\"\" \/>\n<\/div>\n<div class=\"two_columns_form_with_space clearfix\">\n\t<div class=\"column_left\">\n\t\t<p><span class=\"wpcf7-form-control-wrap\" data-name=\"email\"><input size=\"40\" maxlength=\"400\" class=\"wpcf7-form-control wpcf7-email wpcf7-validates-as-required wpcf7-text wpcf7-validates-as-email\" aria-required=\"true\" aria-invalid=\"false\" placeholder=\"Subscribe for more updates\" value=\"\" type=\"email\" name=\"email\" \/><\/span>\n\t\t<\/p>\n\t<\/div>\n\t<div class=\"column_right\">\n\t\t<p><input class=\"wpcf7-form-control wpcf7-submit has-spinner\" type=\"submit\" value=\"Subscribe\" \/>\n\t\t<\/p>\n\t<\/div>\n<\/div><div class=\"wpcf7-response-output\" aria-hidden=\"true\"><\/div>\n<\/form>\n<\/div>\n[\/vc_column][\/vc_row][vc_row css_animation=&#8220;&#8220; row_type=&#8220;row&#8220; use_row_as_full_screen_section=&#8220;no&#8220; type=&#8220;grid&#8220; angled_section=&#8220;no&#8220; text_align=&#8220;center&#8220; background_image_as_pattern=&#8220;without_pattern&#8220; padding_top=&#8220;84&#8243; padding_bottom=&#8220;30&#8243;][vc_column][vc_column_text]<\/p>\n<h2>STAHLPRODUKTE<\/h2>\n<p>[\/vc_column_text][vc_separator type=&#8220;small&#8220; position=&#8220;center&#8220; color=&#8220;#1b75bc&#8220;][\/vc_column][\/vc_row][vc_row css_animation=&#8220;&#8220; row_type=&#8220;row&#8220; use_row_as_full_screen_section=&#8220;no&#8220; type=&#8220;grid&#8220; angled_section=&#8220;no&#8220; text_align=&#8220;center&#8220; background_image_as_pattern=&#8220;without_pattern&#8220; padding_bottom=&#8220;56&#8243;][vc_column width=&#8220;1\/4&#8243;][vc_single_image image=&#8220;15507&#8243; img_size=&#8220;full&#8220; alignment=&#8220;center&#8220; onclick=&#8220;custom_link&#8220; qode_css_animation=&#8220;element_from_fade&#8220; transition_delay=&#8220;0.2&#8243; qode_hover_animation=&#8220;zoom_in&#8220; link=&#8220;https:\/\/eldarmetal.com\/long-steel\/&#8220;][vc_separator type=&#8220;transparent&#8220; up=&#8220;22&#8243; down=&#8220;0&#8243;][vc_column_text]<\/p>\n<h3><a href=\"https:\/\/eldarmetal.com\/long-steel\/\">Langer Stahl<\/a><\/h3>\n<p>[\/vc_column_text][vc_separator type=&#8220;transparent&#8220; up=&#8220;17&#8243; down=&#8220;0&#8243;][vc_column_text]<\/p>\n<h6>Lange Produkte werden typischerweise im Bausektor und bei Infrastrukturprojekten eingesetzt.<\/h6>\n<p>[\/vc_column_text][vc_separator type=&#8220;transparent&#8220; up=&#8220;30&#8243; down=&#8220;0&#8243;][\/vc_column][vc_column width=&#8220;1\/4&#8243;][vc_single_image image=&#8220;15509&#8243; img_size=&#8220;full&#8220; alignment=&#8220;center&#8220; onclick=&#8220;custom_link&#8220; qode_css_animation=&#8220;element_from_fade&#8220; transition_delay=&#8220;0.3&#8243; qode_hover_animation=&#8220;zoom_in&#8220; link=&#8220;https:\/\/eldarmetal.com\/flat-steel\/&#8220;][vc_separator type=&#8220;transparent&#8220; up=&#8220;22&#8243; down=&#8220;0&#8243;][vc_column_text]<\/p>\n<h3><a href=\"https:\/\/eldarmetal.com\/flat-steel\/\">Tafelstahl<\/a><\/h3>\n<p>[\/vc_column_text][vc_separator type=&#8220;transparent&#8220; up=&#8220;17&#8243; down=&#8220;0&#8243;][vc_column_text]<\/p>\n<h6>Flache Produkte werden h\u00e4ufig in Branchen wie der Automobil-, Haushaltsger\u00e4te-, Schiffs- und Bauindustrie eingesetzt.<\/h6>\n<p>[\/vc_column_text][vc_separator type=&#8220;transparent&#8220; up=&#8220;30&#8243; down=&#8220;0&#8243;][\/vc_column][vc_column width=&#8220;1\/4&#8243;][vc_single_image image=&#8220;15508&#8243; img_size=&#8220;full&#8220; alignment=&#8220;center&#8220; onclick=&#8220;custom_link&#8220; qode_css_animation=&#8220;element_from_fade&#8220; transition_delay=&#8220;0.4&#8243; qode_hover_animation=&#8220;zoom_in&#8220; link=&#8220;https:\/\/eldarmetal.com\/tubular-steel\/&#8220;][vc_separator type=&#8220;transparent&#8220; up=&#8220;22&#8243; down=&#8220;0&#8243;][vc_column_text]<\/p>\n<h3><a href=\"https:\/\/eldarmetal.com\/tubular-steel\/\">Stahlrohr<\/a><\/h3>\n<p>[\/vc_column_text][vc_separator type=&#8220;transparent&#8220; up=&#8220;17&#8243; down=&#8220;0&#8243;][vc_column_text]<\/p>\n<h6>Stahlrohre und -profile werden in industriellen Anwendungen, im Baugewerbe, im Ger\u00fcstbau, beim Transport von Wasser, Gasen usw. eingesetzt.<\/h6>\n<p>[\/vc_column_text][vc_separator type=&#8220;transparent&#8220; up=&#8220;30&#8243; down=&#8220;0&#8243;][\/vc_column][vc_column width=&#8220;1\/4&#8243;][vc_single_image image=&#8220;15631&#8243; img_size=&#8220;full&#8220; alignment=&#8220;center&#8220; onclick=&#8220;custom_link&#8220; qode_css_animation=&#8220;element_from_fade&#8220; transition_delay=&#8220;0.5&#8243; qode_hover_animation=&#8220;zoom_in&#8220; link=&#8220;https:\/\/eldarmetal.com\/semi-finished-steel\/&#8220;][vc_separator type=&#8220;transparent&#8220; up=&#8220;22&#8243; down=&#8220;0&#8243;][vc_column_text]<\/p>\n<h3><a href=\"https:\/\/eldarmetal.com\/semi-finished-steel\/\">Halbfertiger Stahl<\/a><\/h3>\n<p>[\/vc_column_text][vc_separator type=&#8220;transparent&#8220; up=&#8220;17&#8243; down=&#8220;0&#8243;][vc_column_text]<\/p>\n<h6>Alle Stahlprodukte werden aus halbfertigen Stahlmaterialien hergestellt, da diese in eine Vielzahl von Formen gebracht werden k\u00f6nnen.<\/h6>\n<p>[\/vc_column_text][vc_separator type=&#8220;transparent&#8220; up=&#8220;30&#8243; down=&#8220;0&#8243;][\/vc_column][\/vc_row][vc_row css_animation=&#8220;&#8220; row_type=&#8220;row&#8220; use_row_as_full_screen_section=&#8220;no&#8220; type=&#8220;grid&#8220; angled_section=&#8220;no&#8220; text_align=&#8220;left&#8220; background_image_as_pattern=&#8220;without_pattern&#8220; background_color=&#8220;#f7f8f9&#8243; padding_top=&#8220;95&#8243; padding_bottom=&#8220;71&#8243;][vc_column width=&#8220;1\/2&#8243;][vc_separator type=&#8220;transparent&#8220; up=&#8220;13&#8243; down=&#8220;0&#8243;][vc_column_text]<\/p>\n<h2>STAHLHANDEL IST UNSER GESCH\u00c4FT<\/h2>\n<p>[\/vc_column_text][vc_separator type=&#8220;transparent&#8220; up=&#8220;56&#8243; down=&#8220;0&#8243;]<div class='q_list circle'><\/p>\n<ul>\n<li>\n<h6><strong><b>Vertrauen und Verantwortung:<\/b><\/strong>\u00a0Wir f\u00fchren unser Gesch\u00e4ft mit Vertrauen, Ehrlichkeit, Verantwortung und Rechenschaft als unseren Leitprinzipien.<\/h6>\n<\/li>\n<\/ul>\n<h6><\/h6>\n<ul>\n<li>\n<h6><strong><b>Branchenerfahrung:<\/b><\/strong>\u00a0Unser fundiertes Wissen \u00fcber die Stahlindustrie, kombiniert mit umfangreicher internationaler Handelserfahrung, gew\u00e4hrleistet Exzellenz in jeder Transaktion.<\/h6>\n<\/li>\n<\/ul>\n<h6><\/h6>\n<ul>\n<li>\n<h6><strong><b>Optimale L\u00f6sungen:<\/b><\/strong>\u00a0Wir sind darauf spezialisiert, die richtigen Materialien zur perfekten Zeit zu beschaffen und diese zu \u00e4u\u00dferst wettbewerbsf\u00e4higen Preisen anzubieten.<\/h6>\n<\/li>\n<\/ul>\n<h6><\/h6>\n<ul>\n<li>\n<h6><strong><b>Globale Partnerschaften:<\/b><\/strong>\u00a0Durch Partnerschaften mit f\u00fchrenden Lieferanten weltweit garantieren wir Zuverl\u00e4ssigkeit, Qualit\u00e4t und Effizienz in jeder Zusammenarbeit.<\/h6>\n<\/li>\n<\/ul>\n<h6><\/h6>\n<h6><strong><b>Un\u00fcbertroffene Qualit\u00e4t und Unterst\u00fctzung:<\/b><\/strong>\u00a0Wir liefern stolz Stahlprodukte von h\u00f6chster Qualit\u00e4t, begleitet von au\u00dfergew\u00f6hnlichem Kundenservice und Unterst\u00fctzung.<\/h6>\n<p><\/div>[vc_separator type=&#8220;transparent&#8220; up=&#8220;30&#8243; down=&#8220;0&#8243;][\/vc_column][vc_column width=&#8220;1\/2&#8243;][vc_single_image image=&#8220;15518&#8243; img_size=&#8220;full&#8220; alignment=&#8220;center&#8220; qode_css_animation=&#8220;element_from_fade&#8220; transition_delay=&#8220;0.3&#8243;][\/vc_column][\/vc_row][vc_row css_animation=&#8220;&#8220; row_type=&#8220;row&#8220; use_row_as_full_screen_section=&#8220;no&#8220; type=&#8220;grid&#8220; angled_section=&#8220;no&#8220; text_align=&#8220;center&#8220; background_image_as_pattern=&#8220;without_pattern&#8220; padding_top=&#8220;84&#8243; padding_bottom=&#8220;30&#8243;][vc_column][vc_column_text]<\/p>\n<h2>Weltweiter Transportservice<\/h2>\n<p>[\/vc_column_text][vc_separator type=&#8220;small&#8220; position=&#8220;center&#8220; color=&#8220;#1b75bc&#8220;][\/vc_column][\/vc_row][vc_row css_animation=&#8220;&#8220; row_type=&#8220;row&#8220; use_row_as_full_screen_section=&#8220;no&#8220; type=&#8220;grid&#8220; angled_section=&#8220;no&#8220; text_align=&#8220;center&#8220; background_image_as_pattern=&#8220;without_pattern&#8220; padding_top=&#8220;37&#8243; padding_bottom=&#8220;70&#8243;][vc_column width=&#8220;1\/4&#8243;][vc_single_image image=&#8220;15516&#8243; img_size=&#8220;full&#8220; alignment=&#8220;center&#8220; qode_css_animation=&#8220;element_from_fade&#8220; transition_delay=&#8220;0.2&#8243;][vc_separator type=&#8220;transparent&#8220; up=&#8220;22&#8243; down=&#8220;0&#8243;][vc_column_text]<\/p>\n<h3 style=\"text-align: center;\">St\u00fcckgutlieferung<\/h3>\n<p>[\/vc_column_text][\/vc_column][vc_column width=&#8220;1\/4&#8243;][vc_single_image image=&#8220;15690&#8243; img_size=&#8220;full&#8220; alignment=&#8220;center&#8220; qode_css_animation=&#8220;element_from_fade&#8220; transition_delay=&#8220;0.3&#8243;][vc_separator type=&#8220;transparent&#8220; up=&#8220;22&#8243; down=&#8220;0&#8243;][vc_column_text]<\/p>\n<h3 style=\"text-align: center;\">Containertransport<\/h3>\n<p>[\/vc_column_text][\/vc_column][vc_column width=&#8220;1\/4&#8243;][vc_single_image image=&#8220;15512&#8243; img_size=&#8220;full&#8220; alignment=&#8220;center&#8220; qode_css_animation=&#8220;element_from_fade&#8220; transition_delay=&#8220;0.4&#8243;][vc_separator type=&#8220;transparent&#8220; up=&#8220;22&#8243; down=&#8220;0&#8243;][vc_column_text]<\/p>\n<h3 style=\"text-align: center;\">LKW-Versand<\/h3>\n<p>[\/vc_column_text][\/vc_column][vc_column width=&#8220;1\/4&#8243;][vc_single_image image=&#8220;15515&#8243; img_size=&#8220;full&#8220; alignment=&#8220;center&#8220; qode_css_animation=&#8220;element_from_fade&#8220; transition_delay=&#8220;0.5&#8243;][vc_separator type=&#8220;transparent&#8220; up=&#8220;22&#8243; down=&#8220;0&#8243;][vc_column_text]<\/p>\n<h3 style=\"text-align: center;\">Bahntransport<\/h3>\n<p>[\/vc_column_text][\/vc_column][\/vc_row][vc_row css_animation=&#8220;&#8220; row_type=&#8220;row&#8220; use_row_as_full_screen_section=&#8220;no&#8220; type=&#8220;grid&#8220; angled_section=&#8220;no&#8220; text_align=&#8220;center&#8220; background_image=&#8220;15261&#8243; background_image_as_pattern=&#8220;without_pattern&#8220; padding_top=&#8220;77&#8243; padding_bottom=&#8220;71&#8243;][vc_column][vc_column_text css=&#8220;&#8220;]<\/p>\n<h3>\u201eDie St\u00e4rke von Stahl liegt in seiner Zusammensetzung, und die St\u00e4rke eines Unternehmens liegt in seinen Menschen.\u201c<\/h3>\n<p>[\/vc_column_text][vc_empty_space][\/vc_column][\/vc_row][vc_row css_animation=&#8220;&#8220; row_type=&#8220;row&#8220; use_row_as_full_screen_section=&#8220;no&#8220; type=&#8220;full_width&#8220; angled_section=&#8220;no&#8220; text_align=&#8220;left&#8220; background_image_as_pattern=&#8220;without_pattern&#8220;][vc_column][\/vc_column][\/vc_row]<\/p>\n<\/div>","protected":false},"excerpt":{"rendered":"<p>[vc_row css_animation=&#8220;&#8220; row_type=&#8220;row&#8220; use_row_as_full_screen_section=&#8220;no&#8220; type=&#8220;grid&#8220; angled_section=&#8220;no&#8220; text_align=&#8220;left&#8220; background_image_as_pattern=&#8220;without_pattern&#8220; background_color=&#8220;#f1f3f4&#8243; padding_top=&#8220;29&#8243; padding_bottom=&#8220;6&#8243;][vc_column width=&#8220;1\/2&#8243;][vc_separator type=&#8220;transparent&#8220; up=&#8220;7&#8243; down=&#8220;0&#8243;][vc_separator type=&#8220;transparent&#8220; up=&#8220;7&#8243; down=&#8220;0&#8243;][\/vc_column][vc_column width=&#8220;1\/2&#8243;][\/vc_column][\/vc_row][vc_row css_animation=&#8220;&#8220; row_type=&#8220;row&#8220; use_row_as_full_screen_section=&#8220;no&#8220; type=&#8220;grid&#8220; angled_section=&#8220;no&#8220; text_align=&#8220;center&#8220; background_image_as_pattern=&#8220;without_pattern&#8220; padding_top=&#8220;84&#8243; padding_bottom=&#8220;30&#8243;][vc_column][vc_column_text] STAHLPRODUKTE [\/vc_column_text][vc_separator type=&#8220;small&#8220; position=&#8220;center&#8220; color=&#8220;#1b75bc&#8220;][\/vc_column][\/vc_row][vc_row css_animation=&#8220;&#8220; row_type=&#8220;row&#8220; use_row_as_full_screen_section=&#8220;no&#8220; type=&#8220;grid&#8220; angled_section=&#8220;no&#8220; text_align=&#8220;center&#8220; background_image_as_pattern=&#8220;without_pattern&#8220; padding_bottom=&#8220;56&#8243;][vc_column width=&#8220;1\/4&#8243;][vc_single_image image=&#8220;15507&#8243; img_size=&#8220;full&#8220; alignment=&#8220;center&#8220;&#8230;<\/p>\n","protected":false},"author":1,"featured_media":0,"parent":0,"menu_order":0,"comment_status":"closed","ping_status":"closed","template":"full_width.php","meta":{"_joinchat":[],"footnotes":""},"class_list":["post-14869","page","type-page","status-publish","hentry"],"translation":{"provider":"WPGlobus","version":"2.12.2","language":"de","enabled_languages":["en","es","de","fr","ru","tr"],"languages":{"en":{"title":true,"content":true,"excerpt":false},"es":{"title":false,"content":true,"excerpt":false},"de":{"title":false,"content":true,"excerpt":false},"fr":{"title":false,"content":true,"excerpt":false},"ru":{"title":false,"content":true,"excerpt":false},"tr":{"title":true,"content":true,"excerpt":false}}},"_links":{"self":[{"href":"https:\/\/eldarmetal.com\/de\/wp-json\/wp\/v2\/pages\/14869","targetHints":{"allow":["GET"]}}],"collection":[{"href":"https:\/\/eldarmetal.com\/de\/wp-json\/wp\/v2\/pages"}],"about":[{"href":"https:\/\/eldarmetal.com\/de\/wp-json\/wp\/v2\/types\/page"}],"author":[{"embeddable":true,"href":"https:\/\/eldarmetal.com\/de\/wp-json\/wp\/v2\/users\/1"}],"replies":[{"embeddable":true,"href":"https:\/\/eldarmetal.com\/de\/wp-json\/wp\/v2\/comments?post=14869"}],"version-history":[{"count":90,"href":"https:\/\/eldarmetal.com\/de\/wp-json\/wp\/v2\/pages\/14869\/revisions"}],"predecessor-version":[{"id":15981,"href":"https:\/\/eldarmetal.com\/de\/wp-json\/wp\/v2\/pages\/14869\/revisions\/15981"}],"wp:attachment":[{"href":"https:\/\/eldarmetal.com\/de\/wp-json\/wp\/v2\/media?parent=14869"}],"curies":[{"name":"wp","href":"https:\/\/api.w.org\/{rel}","templated":true}]}}